{"id":710,"date":"2018-06-19T10:03:53","date_gmt":"2018-06-19T10:03:53","guid":{"rendered":"http:\/\/www.mljet-restoranmelita.com\/nasa-prica\/"},"modified":"2024-05-17T10:20:38","modified_gmt":"2024-05-17T10:20:38","slug":"nasa-prica","status":"publish","type":"page","link":"https:\/\/www.mljet-restoranmelita.com\/hr\/nasa-prica\/","title":{"rendered":"Na\u0161a pri\u010da"},"content":{"rendered":"<p>[et_pb_section bb_built=&#8221;1&#8243; admin_label=&#8221;Hero Section&#8221; _builder_version=&#8221;3.6&#8243; use_background_color_gradient=&#8221;on&#8221; background_color_gradient_start=&#8221;#000000&#8243; background_color_gradient_end=&#8221;rgba(0,0,0,0)&#8221; background_color_gradient_direction=&#8221;353deg&#8221; background_color_gradient_overlays_image=&#8221;on&#8221; background_image=&#8221;http:\/\/www.mljet-restoranmelita.com\/wp-content\/uploads\/2018\/06\/dreamstimemedium_32877175s-1.jpg&#8221; background_position=&#8221;center_left&#8221; custom_margin=&#8221;|||&#8221; custom_padding=&#8221;18.6%||5.4%||false|false&#8221; animation_style=&#8221;fade&#8221; next_background_color=&#8221;#ffffff&#8221;][et_pb_row use_custom_width=&#8221;on&#8221; custom_width_px=&#8221;979px&#8221; _builder_version=&#8221;3.6&#8243;][et_pb_column type=&#8221;4_4&#8243;][et_pb_text _builder_version=&#8221;3.3.1&#8243; text_font=&#8221;Satisfy||||||||&#8221; text_font_size=&#8221;18px&#8221; text_line_height=&#8221;1.6em&#8221; header_font=&#8221;Nunito||||||||&#8221; header_font_size=&#8221;80px&#8221; header_font_size_phone=&#8221;48px&#8221; header_font_size_last_edited=&#8221;on|phone&#8221; header_line_height=&#8221;1.1em&#8221; text_orientation=&#8221;center&#8221; background_layout=&#8221;dark&#8221; module_alignment=&#8221;center&#8221; inline_fonts=&#8221;Source Sans Pro,Vollkorn,Lora,Satisfy&#8221;]<\/p>\n<h1 style=\"text-align: center;\"><span style=\"font-family: Satisfy;\">Na\u0161a pri\u010da<\/span><\/h1>\n<p>[\/et_pb_text][\/et_pb_column][\/et_pb_row][\/et_pb_section][et_pb_section bb_built=&#8221;1&#8243; admin_label=&#8221;Explore Story Section&#8221; _builder_version=&#8221;3.3.1&#8243; custom_padding=&#8221;38px||23px||false|false&#8221; prev_background_color=&#8221;#000000&#8243;][et_pb_row admin_label=&#8221;Text Area&#8221; use_custom_width=&#8221;on&#8221; custom_width_px=&#8221;773px&#8221; custom_padding=&#8221;20px||0||false|false&#8221; _builder_version=&#8221;3.3.1&#8243;][et_pb_column type=&#8221;4_4&#8243;][et_pb_text _builder_version=&#8221;3.6&#8243; text_font=&#8221;Satisfy||||||||&#8221; text_font_size=&#8221;49px&#8221; text_font_size_last_edited=&#8221;on|&#8221; text_letter_spacing=&#8221;3px&#8221; max_width=&#8221;70%&#8221; module_alignment=&#8221;right&#8221;]<\/p>\n<h1 style=\"text-align: right;\"><em>&#8220;O na\u0161em obiteljskom restoranu, jednom od prvih na otoku Mljet&#8221;<\/em><\/h1>\n<p>[\/et_pb_text][et_pb_text _builder_version=&#8221;3.6&#8243; text_font_size=&#8221;15px&#8221; text_line_height=&#8221;1.8em&#8221; animation_style=&#8221;fold&#8221; animation_direction=&#8221;bottom&#8221; animation_intensity_fold=&#8221;20%&#8221; animation_starting_opacity=&#8221;100%&#8221;]<\/p>\n<p><em>\u00a0 \u00a0<\/em><\/p>\n<p>Restoran Melita nastao je prije vi\u0161e od 30 godina, kada je mladi Mirko Prlenda sa hrvatskog kopna do\u0161ao na Mljet i odlu\u010dio da se nastani u ovom rusti\u010dnom raju. Kao netko tko je od samog po\u010detka gorljivo podr\u017eavao lokalnu kulturu, Mirko je bio me\u0111u prvima koji su investirali u mljetsku narodnu muziku i druge inicijative u zajedinici, \u010dak i kad drugi nisu vjerovali u njihov uspjeh. Pokazalo se da nisu bili u pravu, te je ovaj otok danas osebujno prirodno i kulturno uto\u010di\u0161te od okolnog svijeta. Mirko i danas vodi Restoran Melita uz pomo\u0107 svoje obitelji.<\/p>\n<p>&nbsp;<\/p>\n<p>[\/et_pb_text][\/et_pb_column][\/et_pb_row][\/et_pb_section]<\/p>\n","protected":false},"excerpt":{"rendered":"<p>[et_pb_section bb_built=&#8221;1&#8243; admin_label=&#8221;Hero Section&#8221; _builder_version=&#8221;3.6&#8243; use_background_color_gradient=&#8221;on&#8221; background_color_gradient_start=&#8221;#000000&#8243; background_color_gradient_end=&#8221;rgba(0,0,0,0)&#8221; background_color_gradient_direction=&#8221;353deg&#8221; background_color_gradient_overlays_image=&#8221;on&#8221; background_image=&#8221;http:\/\/www.mljet-restoranmelita.com\/wp-content\/uploads\/2018\/06\/dreamstimemedium_32877175s-1.jpg&#8221; background_position=&#8221;center_left&#8221; custom_margin=&#8221;|||&#8221; custom_padding=&#8221;18.6%||5.4%||false|false&#8221; animation_style=&#8221;fade&#8221; next_background_color=&#8221;#ffffff&#8221;][et_pb_row use_custom_width=&#8221;on&#8221; custom_width_px=&#8221;979px&#8221; _builder_version=&#8221;3.6&#8243;][et_pb_column type=&#8221;4_4&#8243;][et_pb_text _builder_version=&#8221;3.3.1&#8243; text_font=&#8221;Satisfy||||||||&#8221; text_font_size=&#8221;18px&#8221; text_line_height=&#8221;1.6em&#8221; header_font=&#8221;Nunito||||||||&#8221; header_font_size=&#8221;80px&#8221; header_font_size_phone=&#8221;48px&#8221; header_font_size_last_edited=&#8221;on|phone&#8221; header_line_height=&#8221;1.1em&#8221; text_orientation=&#8221;center&#8221; background_layout=&#8221;dark&#8221; module_alignment=&#8221;center&#8221; inline_fonts=&#8221;Source Sans Pro,Vollkorn,Lora,Satisfy&#8221;] Na\u0161a pri\u010da [\/et_pb_text][\/et_pb_column][\/et_pb_row][\/et_pb_section][et_pb_section bb_built=&#8221;1&#8243; admin_label=&#8221;Explore Story Section&#8221; _builder_version=&#8221;3.3.1&#8243; custom_padding=&#8221;38px||23px||false|false&#8221; prev_background_color=&#8221;#000000&#8243;][et_pb_row admin_label=&#8221;Text Area&#8221; use_custom_width=&#8221;on&#8221; custom_width_px=&#8221;773px&#8221; custom_padding=&#8221;20px||0||false|false&#8221; _builder_version=&#8221;3.3.1&#8243;][et_pb_column type=&#8221;4_4&#8243;][et_pb_text _builder_version=&#8221;3.6&#8243; text_font=&#8221;Satisfy||||||||&#8221; text_font_size=&#8221;49px&#8221; [&hellip;]<\/p>\n","protected":false},"author":1,"featured_media":0,"parent":0,"menu_order":0,"comment_status":"closed","ping_status":"closed","template":"","meta":{"_et_pb_use_builder":"on","_et_pb_old_content":"<p>Melita was once Mljet Island\u2019s Latin name. Here, among the quiet beauty of the landscape, Odysseus was held captive by the enrapturing nymph Calypso. Here, for a long time, Benedictine priests looked after their medieval monastery, nestled on the Islet of Saint Mary, praising God and living in harmony with nature.<\/p><p>Today, in the midst of the peaceful waters of the Great Lake, under the ancient arches of the monastery, our family restaurant welcomes the visitors of the island. With an unparalleled waterfront location at the very heart of Mljet National Park, Restaurant Melita offers a sweet escape from the rest of the world. Immerse yourself in true Croatian hospitality while you take in the stunning views and enjoy our delightful Dalmatian cuisine.<\/p>","_et_gb_content_width":"","footnotes":""},"class_list":["post-710","page","type-page","status-publish","hentry"],"yoast_head":"<!-- This site is optimized with the Yoast SEO plugin v26.0 - https:\/\/yoast.com\/wordpress\/plugins\/seo\/ -->\n<title>Na\u0161a pri\u010da - Restaurant Melita<\/title>\n<meta name=\"description\" content=\"Restoran Melita vu\u010de svoje korijene vi\u0161e od 30 godina unatrag, kada je mladi Mirko Prlenda do\u0161ao na Mljet s hrvatskog kopna i odlu\u010dio se skrasiti u ovom rustikalnom uto\u010di\u0161tu.\" \/>\n<meta name=\"robots\" content=\"index, follow, max-snippet:-1, max-image-preview:large, max-video-preview:-1\" \/>\n<link rel=\"canonical\" href=\"https:\/\/www.mljet-restoranmelita.com\/hr\/nasa-prica\/\" \/>\n<meta property=\"og:locale\" content=\"hr_HR\" \/>\n<meta property=\"og:type\" content=\"article\" \/>\n<meta property=\"og:title\" content=\"Na\u0161a pri\u010da - Restaurant Melita\" \/>\n<meta property=\"og:description\" content=\"Restoran Melita vu\u010de svoje korijene vi\u0161e od 30 godina unatrag, kada je mladi Mirko Prlenda do\u0161ao na Mljet s hrvatskog kopna i odlu\u010dio se skrasiti u ovom rustikalnom uto\u010di\u0161tu.\" \/>\n<meta property=\"og:url\" content=\"https:\/\/www.mljet-restoranmelita.com\/hr\/nasa-prica\/\" \/>\n<meta property=\"og:site_name\" content=\"Restaurant Melita\" \/>\n<meta property=\"article:modified_time\" content=\"2024-05-17T10:20:38+00:00\" \/>\n<meta name=\"twitter:card\" content=\"summary_large_image\" \/>\n<meta name=\"twitter:label1\" content=\"Est. reading time\" \/>\n\t<meta name=\"twitter:data1\" content=\"1 minute\" \/>\n<script type=\"application\/ld+json\" class=\"yoast-schema-graph\">{\"@context\":\"https:\/\/schema.org\",\"@graph\":[{\"@type\":\"WebPage\",\"@id\":\"https:\/\/www.mljet-restoranmelita.com\/hr\/nasa-prica\/\",\"url\":\"https:\/\/www.mljet-restoranmelita.com\/hr\/nasa-prica\/\",\"name\":\"Na\u0161a pri\u010da - Restaurant Melita\",\"isPartOf\":{\"@id\":\"https:\/\/www.mljet-restoranmelita.com\/#website\"},\"datePublished\":\"2018-06-19T10:03:53+00:00\",\"dateModified\":\"2024-05-17T10:20:38+00:00\",\"description\":\"Restoran Melita vu\u010de svoje korijene vi\u0161e od 30 godina unatrag, kada je mladi Mirko Prlenda do\u0161ao na Mljet s hrvatskog kopna i odlu\u010dio se skrasiti u ovom rustikalnom uto\u010di\u0161tu.\",\"breadcrumb\":{\"@id\":\"https:\/\/www.mljet-restoranmelita.com\/hr\/nasa-prica\/#breadcrumb\"},\"inLanguage\":\"hr-HR\",\"potentialAction\":[{\"@type\":\"ReadAction\",\"target\":[\"https:\/\/www.mljet-restoranmelita.com\/hr\/nasa-prica\/\"]}]},{\"@type\":\"BreadcrumbList\",\"@id\":\"https:\/\/www.mljet-restoranmelita.com\/hr\/nasa-prica\/#breadcrumb\",\"itemListElement\":[{\"@type\":\"ListItem\",\"position\":1,\"name\":\"Home\",\"item\":\"https:\/\/www.mljet-restoranmelita.com\/it\/\"},{\"@type\":\"ListItem\",\"position\":2,\"name\":\"Na\u0161a pri\u010da\"}]},{\"@type\":\"WebSite\",\"@id\":\"https:\/\/www.mljet-restoranmelita.com\/#website\",\"url\":\"https:\/\/www.mljet-restoranmelita.com\/\",\"name\":\"Restaurant Melita\",\"description\":\"The taste of Dalmania on the island within the island\",\"publisher\":{\"@id\":\"https:\/\/www.mljet-restoranmelita.com\/#organization\"},\"potentialAction\":[{\"@type\":\"SearchAction\",\"target\":{\"@type\":\"EntryPoint\",\"urlTemplate\":\"https:\/\/www.mljet-restoranmelita.com\/?s={search_term_string}\"},\"query-input\":{\"@type\":\"PropertyValueSpecification\",\"valueRequired\":true,\"valueName\":\"search_term_string\"}}],\"inLanguage\":\"hr-HR\"},{\"@type\":\"Organization\",\"@id\":\"https:\/\/www.mljet-restoranmelita.com\/#organization\",\"name\":\"Melita Restaurant\",\"url\":\"https:\/\/www.mljet-restoranmelita.com\/\",\"logo\":{\"@type\":\"ImageObject\",\"inLanguage\":\"hr-HR\",\"@id\":\"https:\/\/www.mljet-restoranmelita.com\/#\/schema\/logo\/image\/\",\"url\":\"http:\/\/www.mljet-restoranmelita.com\/wp-content\/uploads\/2018\/06\/mjet-1.png\",\"contentUrl\":\"http:\/\/www.mljet-restoranmelita.com\/wp-content\/uploads\/2018\/06\/mjet-1.png\",\"width\":1122,\"height\":956,\"caption\":\"Melita Restaurant\"},\"image\":{\"@id\":\"https:\/\/www.mljet-restoranmelita.com\/#\/schema\/logo\/image\/\"},\"sameAs\":[\"https:\/\/www.instagram.com\/restoranmelita\/\"]}]}<\/script>\n<!-- \/ Yoast SEO plugin. -->","yoast_head_json":{"title":"Na\u0161a pri\u010da - Restaurant Melita","description":"Restoran Melita vu\u010de svoje korijene vi\u0161e od 30 godina unatrag, kada je mladi Mirko Prlenda do\u0161ao na Mljet s hrvatskog kopna i odlu\u010dio se skrasiti u ovom rustikalnom uto\u010di\u0161tu.","robots":{"index":"index","follow":"follow","max-snippet":"max-snippet:-1","max-image-preview":"max-image-preview:large","max-video-preview":"max-video-preview:-1"},"canonical":"https:\/\/www.mljet-restoranmelita.com\/hr\/nasa-prica\/","og_locale":"hr_HR","og_type":"article","og_title":"Na\u0161a pri\u010da - Restaurant Melita","og_description":"Restoran Melita vu\u010de svoje korijene vi\u0161e od 30 godina unatrag, kada je mladi Mirko Prlenda do\u0161ao na Mljet s hrvatskog kopna i odlu\u010dio se skrasiti u ovom rustikalnom uto\u010di\u0161tu.","og_url":"https:\/\/www.mljet-restoranmelita.com\/hr\/nasa-prica\/","og_site_name":"Restaurant Melita","article_modified_time":"2024-05-17T10:20:38+00:00","twitter_card":"summary_large_image","twitter_misc":{"Est. reading time":"1 minute"},"schema":{"@context":"https:\/\/schema.org","@graph":[{"@type":"WebPage","@id":"https:\/\/www.mljet-restoranmelita.com\/hr\/nasa-prica\/","url":"https:\/\/www.mljet-restoranmelita.com\/hr\/nasa-prica\/","name":"Na\u0161a pri\u010da - Restaurant Melita","isPartOf":{"@id":"https:\/\/www.mljet-restoranmelita.com\/#website"},"datePublished":"2018-06-19T10:03:53+00:00","dateModified":"2024-05-17T10:20:38+00:00","description":"Restoran Melita vu\u010de svoje korijene vi\u0161e od 30 godina unatrag, kada je mladi Mirko Prlenda do\u0161ao na Mljet s hrvatskog kopna i odlu\u010dio se skrasiti u ovom rustikalnom uto\u010di\u0161tu.","breadcrumb":{"@id":"https:\/\/www.mljet-restoranmelita.com\/hr\/nasa-prica\/#breadcrumb"},"inLanguage":"hr-HR","potentialAction":[{"@type":"ReadAction","target":["https:\/\/www.mljet-restoranmelita.com\/hr\/nasa-prica\/"]}]},{"@type":"BreadcrumbList","@id":"https:\/\/www.mljet-restoranmelita.com\/hr\/nasa-prica\/#breadcrumb","itemListElement":[{"@type":"ListItem","position":1,"name":"Home","item":"https:\/\/www.mljet-restoranmelita.com\/it\/"},{"@type":"ListItem","position":2,"name":"Na\u0161a pri\u010da"}]},{"@type":"WebSite","@id":"https:\/\/www.mljet-restoranmelita.com\/#website","url":"https:\/\/www.mljet-restoranmelita.com\/","name":"Restaurant Melita","description":"The taste of Dalmania on the island within the island","publisher":{"@id":"https:\/\/www.mljet-restoranmelita.com\/#organization"},"potentialAction":[{"@type":"SearchAction","target":{"@type":"EntryPoint","urlTemplate":"https:\/\/www.mljet-restoranmelita.com\/?s={search_term_string}"},"query-input":{"@type":"PropertyValueSpecification","valueRequired":true,"valueName":"search_term_string"}}],"inLanguage":"hr-HR"},{"@type":"Organization","@id":"https:\/\/www.mljet-restoranmelita.com\/#organization","name":"Melita Restaurant","url":"https:\/\/www.mljet-restoranmelita.com\/","logo":{"@type":"ImageObject","inLanguage":"hr-HR","@id":"https:\/\/www.mljet-restoranmelita.com\/#\/schema\/logo\/image\/","url":"http:\/\/www.mljet-restoranmelita.com\/wp-content\/uploads\/2018\/06\/mjet-1.png","contentUrl":"http:\/\/www.mljet-restoranmelita.com\/wp-content\/uploads\/2018\/06\/mjet-1.png","width":1122,"height":956,"caption":"Melita Restaurant"},"image":{"@id":"https:\/\/www.mljet-restoranmelita.com\/#\/schema\/logo\/image\/"},"sameAs":["https:\/\/www.instagram.com\/restoranmelita\/"]}]}},"_links":{"self":[{"href":"https:\/\/www.mljet-restoranmelita.com\/hr\/wp-json\/wp\/v2\/pages\/710","targetHints":{"allow":["GET"]}}],"collection":[{"href":"https:\/\/www.mljet-restoranmelita.com\/hr\/wp-json\/wp\/v2\/pages"}],"about":[{"href":"https:\/\/www.mljet-restoranmelita.com\/hr\/wp-json\/wp\/v2\/types\/page"}],"author":[{"embeddable":true,"href":"https:\/\/www.mljet-restoranmelita.com\/hr\/wp-json\/wp\/v2\/users\/1"}],"replies":[{"embeddable":true,"href":"https:\/\/www.mljet-restoranmelita.com\/hr\/wp-json\/wp\/v2\/comments?post=710"}],"version-history":[{"count":1,"href":"https:\/\/www.mljet-restoranmelita.com\/hr\/wp-json\/wp\/v2\/pages\/710\/revisions"}],"predecessor-version":[{"id":1111,"href":"https:\/\/www.mljet-restoranmelita.com\/hr\/wp-json\/wp\/v2\/pages\/710\/revisions\/1111"}],"wp:attachment":[{"href":"https:\/\/www.mljet-restoranmelita.com\/hr\/wp-json\/wp\/v2\/media?parent=710"}],"curies":[{"name":"wp","href":"https:\/\/api.w.org\/{rel}","templated":true}]}}