{"id":485,"date":"2018-06-15T14:38:17","date_gmt":"2018-06-15T14:38:17","guid":{"rendered":"http:\/\/www.mljet-restoranmelita.com\/kako-doci-do-nas\/"},"modified":"2024-05-17T10:15:42","modified_gmt":"2024-05-17T10:15:42","slug":"kako-doci-do-nas","status":"publish","type":"page","link":"https:\/\/www.mljet-restoranmelita.com\/hr\/kako-doci-do-nas\/","title":{"rendered":"Kako do\u0107i do nas"},"content":{"rendered":"<p>[et_pb_section bb_built=&#8221;1&#8243; admin_label=&#8221;Hero Section&#8221; _builder_version=&#8221;3.6&#8243; use_background_color_gradient=&#8221;on&#8221; background_color_gradient_start=&#8221;#000000&#8243; background_color_gradient_end=&#8221;rgba(0,0,0,0)&#8221; background_color_gradient_direction=&#8221;216deg&#8221; background_color_gradient_overlays_image=&#8221;on&#8221; background_image=&#8221;http:\/\/www.mljet-restoranmelita.com\/wp-content\/uploads\/2018\/06\/nature-2236048_1920.jpg&#8221; custom_margin=&#8221;|||&#8221; custom_padding=&#8221;10.2%||13.6%||false|false&#8221; animation_style=&#8221;fade&#8221; next_background_color=&#8221;#ffffff&#8221;][et_pb_row use_custom_width=&#8221;on&#8221; custom_width_px=&#8221;979px&#8221; _builder_version=&#8221;3.3.1&#8243;][et_pb_column type=&#8221;4_4&#8243;][et_pb_text _builder_version=&#8221;3.3.1&#8243; text_font=&#8221;Satisfy||||||||&#8221; text_font_size=&#8221;18px&#8221; text_line_height=&#8221;1.6em&#8221; header_font=&#8221;Nunito||||||||&#8221; header_font_size=&#8221;80px&#8221; header_font_size_phone=&#8221;48px&#8221; header_font_size_last_edited=&#8221;on|phone&#8221; header_line_height=&#8221;1.1em&#8221; text_orientation=&#8221;center&#8221; background_layout=&#8221;dark&#8221; module_alignment=&#8221;center&#8221; inline_fonts=&#8221;Source Sans Pro,Vollkorn,Lora,Satisfy&#8221;]<\/p>\n<h1 style=\"text-align: center;\"><span style=\"font-family: Satisfy;\">Kako do\u0107i do nas<\/span><\/h1>\n<p>[\/et_pb_text][\/et_pb_column][\/et_pb_row][\/et_pb_section][et_pb_section bb_built=&#8221;1&#8243; admin_label=&#8221;Explore Story Section&#8221; _builder_version=&#8221;3.3.1&#8243; custom_padding=&#8221;42px||23px||false|false&#8221; prev_background_color=&#8221;#000000&#8243; next_background_color=&#8221;#000000&#8243;][et_pb_row admin_label=&#8221;Text Area&#8221; use_custom_width=&#8221;on&#8221; custom_width_px=&#8221;773px&#8221; custom_padding=&#8221;20px||0||false|false&#8221; _builder_version=&#8221;3.3.1&#8243;][et_pb_column type=&#8221;4_4&#8243;][et_pb_text _builder_version=&#8221;3.3.1&#8243; text_font=&#8221;Satisfy||||||||&#8221; text_font_size=&#8221;49px&#8221; text_font_size_last_edited=&#8221;on|&#8221; text_letter_spacing=&#8221;3px&#8221; header_text_align=&#8221;center&#8221; text_orientation=&#8221;center&#8221; max_width=&#8221;70%&#8221; module_alignment=&#8221;center&#8221;]<\/p>\n<h1 style=\"text-align: center;\"><i>Restoran Melita<\/i><\/h1>\n<p>[\/et_pb_text][et_pb_text _builder_version=&#8221;3.3.1&#8243; text_font_size=&#8221;15px&#8221; text_line_height=&#8221;1.8em&#8221; animation_style=&#8221;fold&#8221; animation_direction=&#8221;bottom&#8221; animation_intensity_fold=&#8221;20%&#8221; animation_starting_opacity=&#8221;100%&#8221;]<\/p>\n<p style=\"text-align: center;\"><em>Otok Svete Marije <\/em><\/p>\n<p style=\"text-align: center;\"><em>20 226 Gove\u0111ari \u2013 Otok Mljet<\/em><\/p>\n<p style=\"text-align: center;\"><em>Tel: +385 (0)20 744 145<\/em><\/p>\n<p style=\"text-align: center;\"><em>Fax: +385 (0)20 744 118<\/em><\/p>\n<p style=\"text-align: center;\"><em>Mobile: +385 (0)98 162 4157<\/em><\/p>\n<p style=\"text-align: center;\"><em><a href=\"mailto:info@mljet-restoranmelita.com\">info@mljet-restoranmelita.com<\/a><\/em><\/p>\n<p>[\/et_pb_text][et_pb_text _builder_version=&#8221;3.6&#8243; text_font_size=&#8221;15px&#8221; text_line_height=&#8221;1.8em&#8221; animation_style=&#8221;fold&#8221; animation_direction=&#8221;bottom&#8221; animation_intensity_fold=&#8221;20%&#8221; animation_starting_opacity=&#8221;100%&#8221;]<\/p>\n<p><em>\u00a0 \u00a0 \u00a0 O\u010dekujemo vas svakoga dana od 8:00 do 20:00, od 4. do 11. mjeseca. Privatni doga\u0111aji mogu se u dogovoru s nama organizirati i van sezone i radnog vremena. Slobodno nas kontaktirajte za sve informacije i rezervacije.<\/em><\/p>\n<p><em>\u00a0 \u00a0 \u00a0 Do otoka Mljet mo\u017eete do\u0107i katamaranom iz Dubrovnika ili Splita, ili trajektom sa Kor\u010dule i iz Prapratna. Kada ste do\u0161li na Mljet, na\u0161 restoran je od Malog Mosta ili Pristani\u0161ta udaljen samo kratkom vo\u017enjom brodom. Za detaljniji i aktualni raspored plovidbe molimo pogledajte slu\u017ebene web stranice Nacionalnog parka Mljet. Vo\u017enja brodom i pristup Otoku Svete Marije uklju\u010deni su u cijenu karte za Nacionalni park Mljet.<\/em><\/p>\n<p><em>\u00a0 \u00a0 \u00a0 Propustili ste brod? Na\u0161e ljubazno osoblje prevest \u0107e do otoka goste sa specijalnim pravom pristupa otoku Svete Marije. \u010cim stupite na stajali\u0161te, mahnite zastavom koja je istaknuta ili nas pozovite i do\u0107i \u0107emo \u0161to prije po vas.<\/em><\/p>\n<p><em>\u00a0 \u00a0 \u00a0 Nudimo i usluge vo\u017enje i obilaska s bilo koje to\u010dke na otoku Mljet, pozovite nas za vi\u0161e detalja.<\/em><\/p>\n<p>[\/et_pb_text][\/et_pb_column][\/et_pb_row][\/et_pb_section][et_pb_section bb_built=&#8221;1&#8243; _builder_version=&#8221;3.3.1&#8243; prev_background_color=&#8221;#000000&#8243;][et_pb_row _builder_version=&#8221;3.0.47&#8243; background_size=&#8221;initial&#8221; background_position=&#8221;top_left&#8221; background_repeat=&#8221;repeat&#8221;][et_pb_column type=&#8221;4_4&#8243;][et_pb_map address=&#8221;20226, Gove\u0111ari, Croatia&#8221; zoom_level=&#8221;15&#8243; address_lat=&#8221;42.76941658362134&#8243; address_lng=&#8221;17.356984438165455&#8243; _builder_version=&#8221;3.6&#8243; \/][\/et_pb_column][\/et_pb_row][\/et_pb_section]<\/p>\n","protected":false},"excerpt":{"rendered":"<p>[et_pb_section bb_built=&#8221;1&#8243; admin_label=&#8221;Hero Section&#8221; _builder_version=&#8221;3.6&#8243; use_background_color_gradient=&#8221;on&#8221; background_color_gradient_start=&#8221;#000000&#8243; background_color_gradient_end=&#8221;rgba(0,0,0,0)&#8221; background_color_gradient_direction=&#8221;216deg&#8221; background_color_gradient_overlays_image=&#8221;on&#8221; background_image=&#8221;http:\/\/www.mljet-restoranmelita.com\/wp-content\/uploads\/2018\/06\/nature-2236048_1920.jpg&#8221; custom_margin=&#8221;|||&#8221; custom_padding=&#8221;10.2%||13.6%||false|false&#8221; animation_style=&#8221;fade&#8221; next_background_color=&#8221;#ffffff&#8221;][et_pb_row use_custom_width=&#8221;on&#8221; custom_width_px=&#8221;979px&#8221; _builder_version=&#8221;3.3.1&#8243;][et_pb_column type=&#8221;4_4&#8243;][et_pb_text _builder_version=&#8221;3.3.1&#8243; text_font=&#8221;Satisfy||||||||&#8221; text_font_size=&#8221;18px&#8221; text_line_height=&#8221;1.6em&#8221; header_font=&#8221;Nunito||||||||&#8221; header_font_size=&#8221;80px&#8221; header_font_size_phone=&#8221;48px&#8221; header_font_size_last_edited=&#8221;on|phone&#8221; header_line_height=&#8221;1.1em&#8221; text_orientation=&#8221;center&#8221; background_layout=&#8221;dark&#8221; module_alignment=&#8221;center&#8221; inline_fonts=&#8221;Source Sans Pro,Vollkorn,Lora,Satisfy&#8221;] Kako do\u0107i do nas [\/et_pb_text][\/et_pb_column][\/et_pb_row][\/et_pb_section][et_pb_section bb_built=&#8221;1&#8243; admin_label=&#8221;Explore Story Section&#8221; _builder_version=&#8221;3.3.1&#8243; custom_padding=&#8221;42px||23px||false|false&#8221; prev_background_color=&#8221;#000000&#8243; next_background_color=&#8221;#000000&#8243;][et_pb_row admin_label=&#8221;Text Area&#8221; use_custom_width=&#8221;on&#8221; custom_width_px=&#8221;773px&#8221; custom_padding=&#8221;20px||0||false|false&#8221; _builder_version=&#8221;3.3.1&#8243;][et_pb_column type=&#8221;4_4&#8243;][et_pb_text _builder_version=&#8221;3.3.1&#8243; [&hellip;]<\/p>\n","protected":false},"author":1,"featured_media":0,"parent":0,"menu_order":0,"comment_status":"closed","ping_status":"open","template":"","meta":{"_et_pb_use_builder":"on","_et_pb_old_content":"<p>Melita was once Mljet Island\u2019s Latin name. Here, among the quiet beauty of the landscape, Odysseus was held captive by the enrapturing nymph Calypso. Here, for a long time, Benedictine priests looked after their medieval monastery, nestled on the Islet of Saint Mary, praising God and living in harmony with nature.<\/p><p>Today, in the midst of the peaceful waters of the Great Lake, under the ancient arches of the monastery, our family restaurant welcomes the visitors of the island. With an unparalleled waterfront location at the very heart of Mljet National Park, Restaurant Melita offers a sweet escape from the rest of the world. Immerse yourself in true Croatian hospitality while you take in the stunning views and enjoy our delightful Dalmatian cuisine.<\/p>","_et_gb_content_width":"","footnotes":""},"class_list":["post-485","page","type-page","status-publish","hentry"],"yoast_head":"<!-- This site is optimized with the Yoast SEO plugin v26.0 - https:\/\/yoast.com\/wordpress\/plugins\/seo\/ -->\n<title>Kako do\u0107i do nas - Restaurant Melita<\/title>\n<meta name=\"description\" content=\"Na otok Mljet mo\u017eete do\u0107i brodom ili trajektom iz Dubrovnika, Kor\u010dule, Prapratnog i Splita. Kada stignete na Mljet, na\u0161 restoran udaljen je samo nekoliko minuta vo\u017enje brodom od Malog Mosta ili Pristani\u0161ta.\" \/>\n<meta name=\"robots\" content=\"index, follow, max-snippet:-1, max-image-preview:large, max-video-preview:-1\" \/>\n<link rel=\"canonical\" href=\"https:\/\/www.mljet-restoranmelita.com\/hr\/kako-doci-do-nas\/\" \/>\n<meta property=\"og:locale\" content=\"hr_HR\" \/>\n<meta property=\"og:type\" content=\"article\" \/>\n<meta property=\"og:title\" content=\"Kako do\u0107i do nas - Restaurant Melita\" \/>\n<meta property=\"og:description\" content=\"Na otok Mljet mo\u017eete do\u0107i brodom ili trajektom iz Dubrovnika, Kor\u010dule, Prapratnog i Splita. Kada stignete na Mljet, na\u0161 restoran udaljen je samo nekoliko minuta vo\u017enje brodom od Malog Mosta ili Pristani\u0161ta.\" \/>\n<meta property=\"og:url\" content=\"https:\/\/www.mljet-restoranmelita.com\/hr\/kako-doci-do-nas\/\" \/>\n<meta property=\"og:site_name\" content=\"Restaurant Melita\" \/>\n<meta property=\"article:modified_time\" content=\"2024-05-17T10:15:42+00:00\" \/>\n<meta name=\"twitter:card\" content=\"summary_large_image\" \/>\n<meta name=\"twitter:label1\" content=\"Est. reading time\" \/>\n\t<meta name=\"twitter:data1\" content=\"2 minutes\" \/>\n<script type=\"application\/ld+json\" class=\"yoast-schema-graph\">{\"@context\":\"https:\/\/schema.org\",\"@graph\":[{\"@type\":\"WebPage\",\"@id\":\"https:\/\/www.mljet-restoranmelita.com\/hr\/kako-doci-do-nas\/\",\"url\":\"https:\/\/www.mljet-restoranmelita.com\/hr\/kako-doci-do-nas\/\",\"name\":\"Kako do\u0107i do nas - Restaurant Melita\",\"isPartOf\":{\"@id\":\"https:\/\/www.mljet-restoranmelita.com\/#website\"},\"datePublished\":\"2018-06-15T14:38:17+00:00\",\"dateModified\":\"2024-05-17T10:15:42+00:00\",\"description\":\"Na otok Mljet mo\u017eete do\u0107i brodom ili trajektom iz Dubrovnika, Kor\u010dule, Prapratnog i Splita. Kada stignete na Mljet, na\u0161 restoran udaljen je samo nekoliko minuta vo\u017enje brodom od Malog Mosta ili Pristani\u0161ta.\",\"breadcrumb\":{\"@id\":\"https:\/\/www.mljet-restoranmelita.com\/hr\/kako-doci-do-nas\/#breadcrumb\"},\"inLanguage\":\"hr-HR\",\"potentialAction\":[{\"@type\":\"ReadAction\",\"target\":[\"https:\/\/www.mljet-restoranmelita.com\/hr\/kako-doci-do-nas\/\"]}]},{\"@type\":\"BreadcrumbList\",\"@id\":\"https:\/\/www.mljet-restoranmelita.com\/hr\/kako-doci-do-nas\/#breadcrumb\",\"itemListElement\":[{\"@type\":\"ListItem\",\"position\":1,\"name\":\"Home\",\"item\":\"https:\/\/www.mljet-restoranmelita.com\/it\/\"},{\"@type\":\"ListItem\",\"position\":2,\"name\":\"Kako do\u0107i do nas\"}]},{\"@type\":\"WebSite\",\"@id\":\"https:\/\/www.mljet-restoranmelita.com\/#website\",\"url\":\"https:\/\/www.mljet-restoranmelita.com\/\",\"name\":\"Restaurant Melita\",\"description\":\"The taste of Dalmania on the island within the island\",\"publisher\":{\"@id\":\"https:\/\/www.mljet-restoranmelita.com\/#organization\"},\"potentialAction\":[{\"@type\":\"SearchAction\",\"target\":{\"@type\":\"EntryPoint\",\"urlTemplate\":\"https:\/\/www.mljet-restoranmelita.com\/?s={search_term_string}\"},\"query-input\":{\"@type\":\"PropertyValueSpecification\",\"valueRequired\":true,\"valueName\":\"search_term_string\"}}],\"inLanguage\":\"hr-HR\"},{\"@type\":\"Organization\",\"@id\":\"https:\/\/www.mljet-restoranmelita.com\/#organization\",\"name\":\"Melita Restaurant\",\"url\":\"https:\/\/www.mljet-restoranmelita.com\/\",\"logo\":{\"@type\":\"ImageObject\",\"inLanguage\":\"hr-HR\",\"@id\":\"https:\/\/www.mljet-restoranmelita.com\/#\/schema\/logo\/image\/\",\"url\":\"http:\/\/www.mljet-restoranmelita.com\/wp-content\/uploads\/2018\/06\/mjet-1.png\",\"contentUrl\":\"http:\/\/www.mljet-restoranmelita.com\/wp-content\/uploads\/2018\/06\/mjet-1.png\",\"width\":1122,\"height\":956,\"caption\":\"Melita Restaurant\"},\"image\":{\"@id\":\"https:\/\/www.mljet-restoranmelita.com\/#\/schema\/logo\/image\/\"},\"sameAs\":[\"https:\/\/www.instagram.com\/restoranmelita\/\"]}]}<\/script>\n<!-- \/ Yoast SEO plugin. -->","yoast_head_json":{"title":"Kako do\u0107i do nas - Restaurant Melita","description":"Na otok Mljet mo\u017eete do\u0107i brodom ili trajektom iz Dubrovnika, Kor\u010dule, Prapratnog i Splita. Kada stignete na Mljet, na\u0161 restoran udaljen je samo nekoliko minuta vo\u017enje brodom od Malog Mosta ili Pristani\u0161ta.","robots":{"index":"index","follow":"follow","max-snippet":"max-snippet:-1","max-image-preview":"max-image-preview:large","max-video-preview":"max-video-preview:-1"},"canonical":"https:\/\/www.mljet-restoranmelita.com\/hr\/kako-doci-do-nas\/","og_locale":"hr_HR","og_type":"article","og_title":"Kako do\u0107i do nas - Restaurant Melita","og_description":"Na otok Mljet mo\u017eete do\u0107i brodom ili trajektom iz Dubrovnika, Kor\u010dule, Prapratnog i Splita. Kada stignete na Mljet, na\u0161 restoran udaljen je samo nekoliko minuta vo\u017enje brodom od Malog Mosta ili Pristani\u0161ta.","og_url":"https:\/\/www.mljet-restoranmelita.com\/hr\/kako-doci-do-nas\/","og_site_name":"Restaurant Melita","article_modified_time":"2024-05-17T10:15:42+00:00","twitter_card":"summary_large_image","twitter_misc":{"Est. reading time":"2 minutes"},"schema":{"@context":"https:\/\/schema.org","@graph":[{"@type":"WebPage","@id":"https:\/\/www.mljet-restoranmelita.com\/hr\/kako-doci-do-nas\/","url":"https:\/\/www.mljet-restoranmelita.com\/hr\/kako-doci-do-nas\/","name":"Kako do\u0107i do nas - Restaurant Melita","isPartOf":{"@id":"https:\/\/www.mljet-restoranmelita.com\/#website"},"datePublished":"2018-06-15T14:38:17+00:00","dateModified":"2024-05-17T10:15:42+00:00","description":"Na otok Mljet mo\u017eete do\u0107i brodom ili trajektom iz Dubrovnika, Kor\u010dule, Prapratnog i Splita. Kada stignete na Mljet, na\u0161 restoran udaljen je samo nekoliko minuta vo\u017enje brodom od Malog Mosta ili Pristani\u0161ta.","breadcrumb":{"@id":"https:\/\/www.mljet-restoranmelita.com\/hr\/kako-doci-do-nas\/#breadcrumb"},"inLanguage":"hr-HR","potentialAction":[{"@type":"ReadAction","target":["https:\/\/www.mljet-restoranmelita.com\/hr\/kako-doci-do-nas\/"]}]},{"@type":"BreadcrumbList","@id":"https:\/\/www.mljet-restoranmelita.com\/hr\/kako-doci-do-nas\/#breadcrumb","itemListElement":[{"@type":"ListItem","position":1,"name":"Home","item":"https:\/\/www.mljet-restoranmelita.com\/it\/"},{"@type":"ListItem","position":2,"name":"Kako do\u0107i do nas"}]},{"@type":"WebSite","@id":"https:\/\/www.mljet-restoranmelita.com\/#website","url":"https:\/\/www.mljet-restoranmelita.com\/","name":"Restaurant Melita","description":"The taste of Dalmania on the island within the island","publisher":{"@id":"https:\/\/www.mljet-restoranmelita.com\/#organization"},"potentialAction":[{"@type":"SearchAction","target":{"@type":"EntryPoint","urlTemplate":"https:\/\/www.mljet-restoranmelita.com\/?s={search_term_string}"},"query-input":{"@type":"PropertyValueSpecification","valueRequired":true,"valueName":"search_term_string"}}],"inLanguage":"hr-HR"},{"@type":"Organization","@id":"https:\/\/www.mljet-restoranmelita.com\/#organization","name":"Melita Restaurant","url":"https:\/\/www.mljet-restoranmelita.com\/","logo":{"@type":"ImageObject","inLanguage":"hr-HR","@id":"https:\/\/www.mljet-restoranmelita.com\/#\/schema\/logo\/image\/","url":"http:\/\/www.mljet-restoranmelita.com\/wp-content\/uploads\/2018\/06\/mjet-1.png","contentUrl":"http:\/\/www.mljet-restoranmelita.com\/wp-content\/uploads\/2018\/06\/mjet-1.png","width":1122,"height":956,"caption":"Melita Restaurant"},"image":{"@id":"https:\/\/www.mljet-restoranmelita.com\/#\/schema\/logo\/image\/"},"sameAs":["https:\/\/www.instagram.com\/restoranmelita\/"]}]}},"_links":{"self":[{"href":"https:\/\/www.mljet-restoranmelita.com\/hr\/wp-json\/wp\/v2\/pages\/485","targetHints":{"allow":["GET"]}}],"collection":[{"href":"https:\/\/www.mljet-restoranmelita.com\/hr\/wp-json\/wp\/v2\/pages"}],"about":[{"href":"https:\/\/www.mljet-restoranmelita.com\/hr\/wp-json\/wp\/v2\/types\/page"}],"author":[{"embeddable":true,"href":"https:\/\/www.mljet-restoranmelita.com\/hr\/wp-json\/wp\/v2\/users\/1"}],"replies":[{"embeddable":true,"href":"https:\/\/www.mljet-restoranmelita.com\/hr\/wp-json\/wp\/v2\/comments?post=485"}],"version-history":[{"count":1,"href":"https:\/\/www.mljet-restoranmelita.com\/hr\/wp-json\/wp\/v2\/pages\/485\/revisions"}],"predecessor-version":[{"id":1100,"href":"https:\/\/www.mljet-restoranmelita.com\/hr\/wp-json\/wp\/v2\/pages\/485\/revisions\/1100"}],"wp:attachment":[{"href":"https:\/\/www.mljet-restoranmelita.com\/hr\/wp-json\/wp\/v2\/media?parent=485"}],"curies":[{"name":"wp","href":"https:\/\/api.w.org\/{rel}","templated":true}]}}