{"id":473,"date":"2018-06-15T14:28:31","date_gmt":"2018-06-15T14:28:31","guid":{"rendered":"http:\/\/www.mljet-restoranmelita.com\/dogadaji\/"},"modified":"2024-05-17T09:25:02","modified_gmt":"2024-05-17T09:25:02","slug":"dogadaji","status":"publish","type":"page","link":"https:\/\/www.mljet-restoranmelita.com\/hr\/dogadaji\/","title":{"rendered":"Doga\u0111aji"},"content":{"rendered":"<p>[et_pb_section fb_built=&#8221;1&#8243; admin_label=&#8221;Hero Section&#8221; _builder_version=&#8221;3.6&#8243; use_background_color_gradient=&#8221;on&#8221; background_color_gradient_start=&#8221;#000000&#8243; background_color_gradient_end=&#8221;rgba(0,0,0,0)&#8221; background_image=&#8221;http:\/\/www.mljet-restoranmelita.com\/wp-content\/uploads\/2018\/06\/Stitch-Ana.jpg&#8221; custom_margin=&#8221;|||&#8221; custom_padding=&#8221;14.4%||9.4%||false|false&#8221; animation_style=&#8221;fade&#8221;][et_pb_row use_custom_width=&#8221;on&#8221; custom_width_px=&#8221;979px&#8221; _builder_version=&#8221;3.3.1&#8243;][et_pb_column type=&#8221;4_4&#8243; _builder_version=&#8221;3.0.47&#8243; parallax=&#8221;off&#8221; parallax_method=&#8221;on&#8221;][et_pb_text _builder_version=&#8221;3.3.1&#8243; text_font=&#8221;Satisfy||||||||&#8221; text_font_size=&#8221;18px&#8221; text_line_height=&#8221;1.6em&#8221; header_font=&#8221;Nunito||||||||&#8221; header_font_size=&#8221;80px&#8221; header_font_size_phone=&#8221;48px&#8221; header_font_size_last_edited=&#8221;on|phone&#8221; header_line_height=&#8221;1.1em&#8221; text_orientation=&#8221;center&#8221; background_layout=&#8221;dark&#8221; module_alignment=&#8221;center&#8221; inline_fonts=&#8221;Source Sans Pro,Vollkorn,Lora,Satisfy&#8221;]<\/p>\n<h1 style=\"text-align: center;\"><span style=\"font-family: Satisfy;\">Doga\u0111aji<\/span><\/h1>\n<p>[\/et_pb_text][\/et_pb_column][\/et_pb_row][\/et_pb_section][et_pb_section fb_built=&#8221;1&#8243; admin_label=&#8221;Explore Story Section&#8221; _builder_version=&#8221;3.3.1&#8243; custom_padding=&#8221;38px||23px||false|false&#8221;][et_pb_row use_custom_width=&#8221;on&#8221; custom_width_px=&#8221;773px&#8221; custom_padding=&#8221;20px||0||false|false&#8221; admin_label=&#8221;Text Area&#8221; _builder_version=&#8221;3.3.1&#8243;][et_pb_column type=&#8221;4_4&#8243; _builder_version=&#8221;3.0.47&#8243; parallax=&#8221;off&#8221; parallax_method=&#8221;on&#8221;][et_pb_text _builder_version=&#8221;3.3.1&#8243; text_font=&#8221;Satisfy||||||||&#8221; text_font_size=&#8221;49px&#8221; text_font_size_last_edited=&#8221;on|&#8221; text_letter_spacing=&#8221;3px&#8221; max_width=&#8221;89%&#8221; module_alignment=&#8221;right&#8221;]<\/p>\n<h1 style=\"text-align: right;\"><em>&#8220;Na\u0161 restoran na otvorenom je savr\u0161en za proslave intimnih, romanti\u010dnih vjen\u010danja, kao i za odr\u017eavanje jedinstvenih poslovnih i korporativnih doga\u0111aja&#8221;<\/em><\/h1>\n<p>[\/et_pb_text][et_pb_text _builder_version=&#8221;3.3.1&#8243; text_font_size=&#8221;15px&#8221; text_line_height=&#8221;1.8em&#8221; animation_style=&#8221;fold&#8221; animation_direction=&#8221;bottom&#8221; animation_intensity_fold=&#8221;20%&#8221; animation_starting_opacity=&#8221;100%&#8221;]<\/p>\n<p><em>\u00a0 \u00a0 \u00a0 Bilo da ste zamislili malo privatno okupljanje ili veliki doga\u0111aj sa canap\u00e9 poslu\u017eenjem, na\u0161e osoblje \u0107e se posvetiti ispunjenju va\u0161ih zamisli. Na\u0161 restoran mo\u017ee primiti do 150 sjede\u0107ih gostiju na otvorenom i 90 unutra. Nemojte oklijevati, pozovite nas da nam priop\u0107ite svoje planove.<\/em><\/p>\n<p><em>\u00a0 \u00a0 \u00a0 Na\u0161i kuhari preporu\u010duju: sireve iz ovoga kraja, svje\u017ee morske plodove, crni ri\u017eot, mljetskog jastoga, hobotnicu ispod peke i doma\u0107e kola\u010de. Ro\u0161tilj, kao i topli i hladni buffet tako\u0111er su na raspolaganju.<\/em><\/p>\n<p><em>\u00a0<\/em><\/p>\n<p>[\/et_pb_text][et_pb_text _builder_version=&#8221;3.3.1&#8243; text_font=&#8221;Satisfy||||||||&#8221; text_font_size=&#8221;49px&#8221; text_font_size_last_edited=&#8221;on|&#8221; text_letter_spacing=&#8221;3px&#8221; max_width=&#8221;70%&#8221; module_alignment=&#8221;left&#8221;]<\/p>\n<h2><em>Poslovni sastanci &amp; Team Building<\/em><\/h2>\n<p>[\/et_pb_text][et_pb_text _builder_version=&#8221;3.3.1&#8243; text_font_size=&#8221;15px&#8221; text_line_height=&#8221;1.8em&#8221; animation_style=&#8221;fold&#8221; animation_direction=&#8221;bottom&#8221; animation_intensity_fold=&#8221;20%&#8221; animation_starting_opacity=&#8221;100%&#8221;]<\/p>\n<p><em>\u00a0 \u00a0 \u00a0 Otok Svete Marije je idealno mjesto za poslovne i korporativne doga\u0111aje, a prostor koji je na raspolaganju mo\u017ee se koristiti na mnogo razli\u010ditih na\u010dina. Restoran Melita nudi neponovljivo, intimno okru\u017eenje za poslovne ru\u010dkove i ve\u010dere, sastanke, prezentacije, specijalne programe i grupne aran\u017emane.<\/em><\/p>\n<p><em>\u00a0<\/em><\/p>\n<p>[\/et_pb_text][et_pb_text _builder_version=&#8221;3.3.1&#8243; text_font=&#8221;Satisfy||||||||&#8221; text_font_size=&#8221;49px&#8221; text_font_size_last_edited=&#8221;on|&#8221; text_letter_spacing=&#8221;3px&#8221; max_width=&#8221;70%&#8221; module_alignment=&#8221;left&#8221;]<\/p>\n<h2><em>Vjen\u010danja<\/em><\/h2>\n<p>[\/et_pb_text][et_pb_text _builder_version=&#8221;3.3.1&#8243; text_font_size=&#8221;15px&#8221; text_line_height=&#8221;1.8em&#8221; animation_style=&#8221;fold&#8221; animation_direction=&#8221;bottom&#8221; animation_intensity_fold=&#8221;20%&#8221; animation_starting_opacity=&#8221;100%&#8221;]<\/p>\n<p><em>\u00a0 \u00a0 \u00a0 Na\u0161 restoran na otvorenom je savr\u0161en za proslave intimnih, romanti\u010dnih ven\u010danja, bilo malih ili ve\u0107ih. Nakon ceremonije koja se odr\u017eava u crkvi iz 12. stolje\u0107a, podijelite ukusan obrok sa prijateljima i obitelji dok u\u017eivate u zadivljuju\u0107em pogledu na Nacionalni park Mljet. Otok Svete Marije, kao zaseban oto\u010di\u0107 na otoku, pobrinut \u0107e se za va\u0161e nezaboravno iskustvo.<\/em><\/p>\n<p><em>\u00a0<\/em><\/p>\n<p>[\/et_pb_text][\/et_pb_column][\/et_pb_row][\/et_pb_section]<\/p>\n","protected":false},"excerpt":{"rendered":"<p>[et_pb_section fb_built=&#8221;1&#8243; admin_label=&#8221;Hero Section&#8221; _builder_version=&#8221;3.6&#8243; use_background_color_gradient=&#8221;on&#8221; background_color_gradient_start=&#8221;#000000&#8243; background_color_gradient_end=&#8221;rgba(0,0,0,0)&#8221; background_image=&#8221;http:\/\/www.mljet-restoranmelita.com\/wp-content\/uploads\/2018\/06\/Stitch-Ana.jpg&#8221; custom_margin=&#8221;|||&#8221; custom_padding=&#8221;14.4%||9.4%||false|false&#8221; animation_style=&#8221;fade&#8221;][et_pb_row use_custom_width=&#8221;on&#8221; custom_width_px=&#8221;979px&#8221; _builder_version=&#8221;3.3.1&#8243;][et_pb_column type=&#8221;4_4&#8243; _builder_version=&#8221;3.0.47&#8243; parallax=&#8221;off&#8221; parallax_method=&#8221;on&#8221;][et_pb_text _builder_version=&#8221;3.3.1&#8243; text_font=&#8221;Satisfy||||||||&#8221; text_font_size=&#8221;18px&#8221; text_line_height=&#8221;1.6em&#8221; header_font=&#8221;Nunito||||||||&#8221; header_font_size=&#8221;80px&#8221; header_font_size_phone=&#8221;48px&#8221; header_font_size_last_edited=&#8221;on|phone&#8221; header_line_height=&#8221;1.1em&#8221; text_orientation=&#8221;center&#8221; background_layout=&#8221;dark&#8221; module_alignment=&#8221;center&#8221; inline_fonts=&#8221;Source Sans Pro,Vollkorn,Lora,Satisfy&#8221;] Doga\u0111aji [\/et_pb_text][\/et_pb_column][\/et_pb_row][\/et_pb_section][et_pb_section fb_built=&#8221;1&#8243; admin_label=&#8221;Explore Story Section&#8221; _builder_version=&#8221;3.3.1&#8243; custom_padding=&#8221;38px||23px||false|false&#8221;][et_pb_row use_custom_width=&#8221;on&#8221; custom_width_px=&#8221;773px&#8221; custom_padding=&#8221;20px||0||false|false&#8221; admin_label=&#8221;Text Area&#8221; _builder_version=&#8221;3.3.1&#8243;][et_pb_column type=&#8221;4_4&#8243; _builder_version=&#8221;3.0.47&#8243; parallax=&#8221;off&#8221; parallax_method=&#8221;on&#8221;][et_pb_text _builder_version=&#8221;3.3.1&#8243; text_font=&#8221;Satisfy||||||||&#8221; text_font_size=&#8221;49px&#8221; [&hellip;]<\/p>\n","protected":false},"author":1,"featured_media":0,"parent":0,"menu_order":0,"comment_status":"closed","ping_status":"open","template":"","meta":{"_et_pb_use_builder":"on","_et_pb_old_content":"<p>Melita was once Mljet Island\u2019s Latin name. Here, among the quiet beauty of the landscape, Odysseus was held captive by the enrapturing nymph Calypso. Here, for a long time, Benedictine priests looked after their medieval monastery, nestled on the Islet of Saint Mary, praising God and living in harmony with nature.<\/p><p>Today, in the midst of the peaceful waters of the Great Lake, under the ancient arches of the monastery, our family restaurant welcomes the visitors of the island. With an unparalleled waterfront location at the very heart of Mljet National Park, Restaurant Melita offers a sweet escape from the rest of the world. Immerse yourself in true Croatian hospitality while you take in the stunning views and enjoy our delightful Dalmatian cuisine.<\/p>","_et_gb_content_width":"","footnotes":""},"class_list":["post-473","page","type-page","status-publish","hentry"],"yoast_head":"<!-- This site is optimized with the Yoast SEO plugin v26.0 - https:\/\/yoast.com\/wordpress\/plugins\/seo\/ -->\n<title>Doga\u0111aji - Restaurant Melita<\/title>\n<meta name=\"description\" content=\"Bilo da ste zamislili malo privatno okupljanje ili veliki doga\u0111aj sa canap\u00e9 poslu\u017eenjem, na\u0161e osoblje \u0107e se posvetiti ispunjenju va\u0161ih zamisli.\" \/>\n<meta name=\"robots\" content=\"index, follow, max-snippet:-1, max-image-preview:large, max-video-preview:-1\" \/>\n<link rel=\"canonical\" href=\"https:\/\/www.mljet-restoranmelita.com\/hr\/dogadaji\/\" \/>\n<meta property=\"og:locale\" content=\"hr_HR\" \/>\n<meta property=\"og:type\" content=\"article\" \/>\n<meta property=\"og:title\" content=\"Doga\u0111aji - Restaurant Melita\" \/>\n<meta property=\"og:description\" content=\"Bilo da ste zamislili malo privatno okupljanje ili veliki doga\u0111aj sa canap\u00e9 poslu\u017eenjem, na\u0161e osoblje \u0107e se posvetiti ispunjenju va\u0161ih zamisli.\" \/>\n<meta property=\"og:url\" content=\"https:\/\/www.mljet-restoranmelita.com\/hr\/dogadaji\/\" \/>\n<meta property=\"og:site_name\" content=\"Restaurant Melita\" \/>\n<meta property=\"article:modified_time\" content=\"2024-05-17T09:25:02+00:00\" \/>\n<meta name=\"twitter:card\" content=\"summary_large_image\" \/>\n<meta name=\"twitter:label1\" content=\"Est. reading time\" \/>\n\t<meta name=\"twitter:data1\" content=\"2 minutes\" \/>\n<script type=\"application\/ld+json\" class=\"yoast-schema-graph\">{\"@context\":\"https:\/\/schema.org\",\"@graph\":[{\"@type\":\"WebPage\",\"@id\":\"https:\/\/www.mljet-restoranmelita.com\/hr\/dogadaji\/\",\"url\":\"https:\/\/www.mljet-restoranmelita.com\/hr\/dogadaji\/\",\"name\":\"Doga\u0111aji - Restaurant Melita\",\"isPartOf\":{\"@id\":\"https:\/\/www.mljet-restoranmelita.com\/#website\"},\"datePublished\":\"2018-06-15T14:28:31+00:00\",\"dateModified\":\"2024-05-17T09:25:02+00:00\",\"description\":\"Bilo da ste zamislili malo privatno okupljanje ili veliki doga\u0111aj sa canap\u00e9 poslu\u017eenjem, na\u0161e osoblje \u0107e se posvetiti ispunjenju va\u0161ih zamisli.\",\"breadcrumb\":{\"@id\":\"https:\/\/www.mljet-restoranmelita.com\/hr\/dogadaji\/#breadcrumb\"},\"inLanguage\":\"hr-HR\",\"potentialAction\":[{\"@type\":\"ReadAction\",\"target\":[\"https:\/\/www.mljet-restoranmelita.com\/hr\/dogadaji\/\"]}]},{\"@type\":\"BreadcrumbList\",\"@id\":\"https:\/\/www.mljet-restoranmelita.com\/hr\/dogadaji\/#breadcrumb\",\"itemListElement\":[{\"@type\":\"ListItem\",\"position\":1,\"name\":\"Home\",\"item\":\"https:\/\/www.mljet-restoranmelita.com\/it\/\"},{\"@type\":\"ListItem\",\"position\":2,\"name\":\"Doga\u0111aji\"}]},{\"@type\":\"WebSite\",\"@id\":\"https:\/\/www.mljet-restoranmelita.com\/#website\",\"url\":\"https:\/\/www.mljet-restoranmelita.com\/\",\"name\":\"Restaurant Melita\",\"description\":\"The taste of Dalmania on the island within the island\",\"publisher\":{\"@id\":\"https:\/\/www.mljet-restoranmelita.com\/#organization\"},\"potentialAction\":[{\"@type\":\"SearchAction\",\"target\":{\"@type\":\"EntryPoint\",\"urlTemplate\":\"https:\/\/www.mljet-restoranmelita.com\/?s={search_term_string}\"},\"query-input\":{\"@type\":\"PropertyValueSpecification\",\"valueRequired\":true,\"valueName\":\"search_term_string\"}}],\"inLanguage\":\"hr-HR\"},{\"@type\":\"Organization\",\"@id\":\"https:\/\/www.mljet-restoranmelita.com\/#organization\",\"name\":\"Melita Restaurant\",\"url\":\"https:\/\/www.mljet-restoranmelita.com\/\",\"logo\":{\"@type\":\"ImageObject\",\"inLanguage\":\"hr-HR\",\"@id\":\"https:\/\/www.mljet-restoranmelita.com\/#\/schema\/logo\/image\/\",\"url\":\"http:\/\/www.mljet-restoranmelita.com\/wp-content\/uploads\/2018\/06\/mjet-1.png\",\"contentUrl\":\"http:\/\/www.mljet-restoranmelita.com\/wp-content\/uploads\/2018\/06\/mjet-1.png\",\"width\":1122,\"height\":956,\"caption\":\"Melita Restaurant\"},\"image\":{\"@id\":\"https:\/\/www.mljet-restoranmelita.com\/#\/schema\/logo\/image\/\"},\"sameAs\":[\"https:\/\/www.instagram.com\/restoranmelita\/\"]}]}<\/script>\n<!-- \/ Yoast SEO plugin. -->","yoast_head_json":{"title":"Doga\u0111aji - Restaurant Melita","description":"Bilo da ste zamislili malo privatno okupljanje ili veliki doga\u0111aj sa canap\u00e9 poslu\u017eenjem, na\u0161e osoblje \u0107e se posvetiti ispunjenju va\u0161ih zamisli.","robots":{"index":"index","follow":"follow","max-snippet":"max-snippet:-1","max-image-preview":"max-image-preview:large","max-video-preview":"max-video-preview:-1"},"canonical":"https:\/\/www.mljet-restoranmelita.com\/hr\/dogadaji\/","og_locale":"hr_HR","og_type":"article","og_title":"Doga\u0111aji - Restaurant Melita","og_description":"Bilo da ste zamislili malo privatno okupljanje ili veliki doga\u0111aj sa canap\u00e9 poslu\u017eenjem, na\u0161e osoblje \u0107e se posvetiti ispunjenju va\u0161ih zamisli.","og_url":"https:\/\/www.mljet-restoranmelita.com\/hr\/dogadaji\/","og_site_name":"Restaurant Melita","article_modified_time":"2024-05-17T09:25:02+00:00","twitter_card":"summary_large_image","twitter_misc":{"Est. reading time":"2 minutes"},"schema":{"@context":"https:\/\/schema.org","@graph":[{"@type":"WebPage","@id":"https:\/\/www.mljet-restoranmelita.com\/hr\/dogadaji\/","url":"https:\/\/www.mljet-restoranmelita.com\/hr\/dogadaji\/","name":"Doga\u0111aji - Restaurant Melita","isPartOf":{"@id":"https:\/\/www.mljet-restoranmelita.com\/#website"},"datePublished":"2018-06-15T14:28:31+00:00","dateModified":"2024-05-17T09:25:02+00:00","description":"Bilo da ste zamislili malo privatno okupljanje ili veliki doga\u0111aj sa canap\u00e9 poslu\u017eenjem, na\u0161e osoblje \u0107e se posvetiti ispunjenju va\u0161ih zamisli.","breadcrumb":{"@id":"https:\/\/www.mljet-restoranmelita.com\/hr\/dogadaji\/#breadcrumb"},"inLanguage":"hr-HR","potentialAction":[{"@type":"ReadAction","target":["https:\/\/www.mljet-restoranmelita.com\/hr\/dogadaji\/"]}]},{"@type":"BreadcrumbList","@id":"https:\/\/www.mljet-restoranmelita.com\/hr\/dogadaji\/#breadcrumb","itemListElement":[{"@type":"ListItem","position":1,"name":"Home","item":"https:\/\/www.mljet-restoranmelita.com\/it\/"},{"@type":"ListItem","position":2,"name":"Doga\u0111aji"}]},{"@type":"WebSite","@id":"https:\/\/www.mljet-restoranmelita.com\/#website","url":"https:\/\/www.mljet-restoranmelita.com\/","name":"Restaurant Melita","description":"The taste of Dalmania on the island within the island","publisher":{"@id":"https:\/\/www.mljet-restoranmelita.com\/#organization"},"potentialAction":[{"@type":"SearchAction","target":{"@type":"EntryPoint","urlTemplate":"https:\/\/www.mljet-restoranmelita.com\/?s={search_term_string}"},"query-input":{"@type":"PropertyValueSpecification","valueRequired":true,"valueName":"search_term_string"}}],"inLanguage":"hr-HR"},{"@type":"Organization","@id":"https:\/\/www.mljet-restoranmelita.com\/#organization","name":"Melita Restaurant","url":"https:\/\/www.mljet-restoranmelita.com\/","logo":{"@type":"ImageObject","inLanguage":"hr-HR","@id":"https:\/\/www.mljet-restoranmelita.com\/#\/schema\/logo\/image\/","url":"http:\/\/www.mljet-restoranmelita.com\/wp-content\/uploads\/2018\/06\/mjet-1.png","contentUrl":"http:\/\/www.mljet-restoranmelita.com\/wp-content\/uploads\/2018\/06\/mjet-1.png","width":1122,"height":956,"caption":"Melita Restaurant"},"image":{"@id":"https:\/\/www.mljet-restoranmelita.com\/#\/schema\/logo\/image\/"},"sameAs":["https:\/\/www.instagram.com\/restoranmelita\/"]}]}},"_links":{"self":[{"href":"https:\/\/www.mljet-restoranmelita.com\/hr\/wp-json\/wp\/v2\/pages\/473","targetHints":{"allow":["GET"]}}],"collection":[{"href":"https:\/\/www.mljet-restoranmelita.com\/hr\/wp-json\/wp\/v2\/pages"}],"about":[{"href":"https:\/\/www.mljet-restoranmelita.com\/hr\/wp-json\/wp\/v2\/types\/page"}],"author":[{"embeddable":true,"href":"https:\/\/www.mljet-restoranmelita.com\/hr\/wp-json\/wp\/v2\/users\/1"}],"replies":[{"embeddable":true,"href":"https:\/\/www.mljet-restoranmelita.com\/hr\/wp-json\/wp\/v2\/comments?post=473"}],"version-history":[{"count":1,"href":"https:\/\/www.mljet-restoranmelita.com\/hr\/wp-json\/wp\/v2\/pages\/473\/revisions"}],"predecessor-version":[{"id":1085,"href":"https:\/\/www.mljet-restoranmelita.com\/hr\/wp-json\/wp\/v2\/pages\/473\/revisions\/1085"}],"wp:attachment":[{"href":"https:\/\/www.mljet-restoranmelita.com\/hr\/wp-json\/wp\/v2\/media?parent=473"}],"curies":[{"name":"wp","href":"https:\/\/api.w.org\/{rel}","templated":true}]}}