{"id":446,"date":"2018-06-15T14:17:04","date_gmt":"2018-06-15T14:17:04","guid":{"rendered":"http:\/\/www.mljet-restoranmelita.com\/o-nama\/"},"modified":"2025-09-26T09:27:27","modified_gmt":"2025-09-26T09:27:27","slug":"o-nama","status":"publish","type":"page","link":"https:\/\/www.mljet-restoranmelita.com\/hr\/","title":{"rendered":"O nama"},"content":{"rendered":"<p>[et_pb_section fb_built=&#8221;1&#8243; admin_label=&#8221;Hero Section&#8221; _builder_version=&#8221;3.22&#8243; use_background_color_gradient=&#8221;on&#8221; background_color_gradient_start=&#8221;#000000&#8243; background_color_gradient_end=&#8221;rgba(0,0,0,0)&#8221; background_color_gradient_direction=&#8221;360deg&#8221; background_color_gradient_overlays_image=&#8221;on&#8221; background_image=&#8221;https:\/\/www.mljet-restoranmelita.com\/wp-content\/uploads\/2018\/06\/dreamstimemedium_19651227s.jpg&#8221; custom_margin=&#8221;|||&#8221; custom_padding=&#8221;18%||8.8%||false|false&#8221; animation_style=&#8221;fade&#8221;][et_pb_row _builder_version=&#8221;3.25&#8243; max_width=&#8221;979px&#8221; use_custom_width=&#8221;on&#8221; custom_width_px=&#8221;979px&#8221;][et_pb_column type=&#8221;4_4&#8243; _builder_version=&#8221;3.25&#8243; custom_padding=&#8221;|||&#8221; custom_padding__hover=&#8221;|||&#8221;][et_pb_text _builder_version=&#8221;3.27.4&#8243; text_font=&#8221;Satisfy||||||||&#8221; text_font_size=&#8221;24px&#8221; text_line_height=&#8221;1.6em&#8221; header_font=&#8221;Nunito||||||||&#8221; header_font_size=&#8221;80px&#8221; header_line_height=&#8221;1.1em&#8221; text_orientation=&#8221;center&#8221; background_layout=&#8221;dark&#8221; module_alignment=&#8221;center&#8221; header_font_size_tablet=&#8221;&#8221; header_font_size_phone=&#8221;48px&#8221; header_font_size_last_edited=&#8221;on|phone&#8221; inline_fonts=&#8221;Source Sans Pro,Vollkorn,Lora,Satisfy&#8221;]<\/p>\n<h1 style=\"text-align: center;\"><span style=\"font-family: Satisfy;\">Restoran Melita<\/span><\/h1>\n<p>[\/et_pb_text][et_pb_text _builder_version=&#8221;3.27.4&#8243; text_font_size=&#8221;24px&#8221; text_line_height=&#8221;1.6em&#8221; header_font=&#8221;Nunito||||||||&#8221; header_font_size=&#8221;80px&#8221; header_line_height=&#8221;1.1em&#8221; text_orientation=&#8221;center&#8221; background_layout=&#8221;dark&#8221; module_alignment=&#8221;center&#8221; header_font_size_tablet=&#8221;&#8221; header_font_size_phone=&#8221;48px&#8221; header_font_size_last_edited=&#8221;on|phone&#8221; inline_fonts=&#8221;Source Sans Pro,Vollkorn,Lora,Satisfy&#8221;]<\/p>\n<p style=\"text-align: center;\"><em>Do\u0111ite ku\u0161ati okuse Dalmacije u neponovljivom okru\u017eenju, u sjeni benediktinskog samostana, okru\u017eeni kristalno \u010distom vodom i prirodom Nacionalnog parka Mljet<\/em><\/p>\n<p>[\/et_pb_text][\/et_pb_column][\/et_pb_row][\/et_pb_section][et_pb_section fb_built=&#8221;1&#8243; admin_label=&#8221;Explore Story Section&#8221; _builder_version=&#8221;3.22&#8243; custom_padding=&#8221;38px||23px||false|false&#8221;][et_pb_row admin_label=&#8221;Text Area&#8221; _builder_version=&#8221;3.25&#8243; max_width=&#8221;773px&#8221; custom_padding=&#8221;20px||0||false|false&#8221; use_custom_width=&#8221;on&#8221; custom_width_px=&#8221;773px&#8221;][et_pb_column type=&#8221;4_4&#8243; _builder_version=&#8221;3.25&#8243; custom_padding=&#8221;|||&#8221; custom_padding__hover=&#8221;|||&#8221;][et_pb_text _builder_version=&#8221;4.5.3&#8243; text_font=&#8221;Satisfy||||||||&#8221; text_font_size=&#8221;49px&#8221; text_letter_spacing=&#8221;3px&#8221; max_width=&#8221;70%&#8221; module_alignment=&#8221;right&#8221; text_font_size_tablet=&#8221;&#8221; text_font_size_phone=&#8221;&#8221; text_font_size_last_edited=&#8221;on|&#8221;]<\/p>\n<h2 style=\"text-align: right;\"><em>&#8220;Zahvaljuju\u0107i svojoj lokaciji na samoj obali mora, u samom srcu Nacionalnog parka Mljet&#8221;<\/em><\/h2>\n<p>[\/et_pb_text][et_pb_text _builder_version=&#8221;3.27.4&#8243; text_font_size=&#8221;15px&#8221; text_line_height=&#8221;1.8em&#8221; animation_style=&#8221;fold&#8221; animation_direction=&#8221;bottom&#8221; animation_intensity_fold=&#8221;20%&#8221; animation_starting_opacity=&#8221;100%&#8221;]<em>\u00a0 \u00a0 \u00a0 Melita je neko\u0107 bilo latinsko ime otoka Mljet. U pitomoj ljepoti ovda\u0161nje prirode Odysseus je bio zato\u010denik o\u010daravaju\u0107e nimfe Calypso. Stolje\u0107ima su ovdje benediktinski fratri brinuli o svom srednjovjekovnom samostanu smje\u0161tenom na otoku Svete Marije, u skladu s prirodom i zahvalni Bogu.<\/em><\/p>\n<p><em>\u00a0 \u00a0 \u00a0 Danas, okru\u017een mirnim vodama Velikoga jezera, na\u0161 obiteljski restoran ugo\u0161\u0107ava posjetioce otoka pod samostanskim krovom. Zahvaljuju\u0107i svojoj lokaciji na samoj obali mora, u samom srcu Nacionalnog parka Mljet, Restoran Melita bit \u0107e va\u0161 slatki predah od vreve. U\u017eivajte u pravoj hrvatskoj gostoprimljivosti dok uz zadivljuju\u0107i pogled u\u017eivate u izvrsnoj dalmatinskoj hrani. <\/em><br \/>\n[\/et_pb_text][\/et_pb_column][\/et_pb_row][\/et_pb_section][et_pb_section fb_built=&#8221;1&#8243; admin_label=&#8221;Sign Up Section&#8221; _builder_version=&#8221;3.22&#8243; background_color=&#8221;#f7f7f7&#8243; custom_padding=&#8221;21px||24px||false|false&#8221; custom_margin=&#8221;14px|||||&#8221;][et_pb_row admin_label=&#8221;Subscriptiopn Area&#8221; _builder_version=&#8221;3.25&#8243; custom_padding=&#8221;|||&#8221;][et_pb_column type=&#8221;4_4&#8243; _builder_version=&#8221;3.25&#8243; custom_padding=&#8221;|||&#8221; custom_padding__hover=&#8221;|||&#8221;][et_pb_map address=&#8221;20226, Gove\u0111ari, Croatia&#8221; zoom_level=&#8221;13&#8243; address_lat=&#8221;42.77793670521914&#8243; address_lng=&#8221;17.362336581445334&#8243; _builder_version=&#8221;3.6&#8243;][et_pb_map_pin pin_address=&#8221;Unnamed Road, 20226, Gove\u0111ari, Croatia&#8221; pin_address_lat=&#8221;42.7732997&#8243; pin_address_lng=&#8221;17.3531558&#8243; _builder_version=&#8221;3.3.1&#8243;][\/et_pb_map_pin][\/et_pb_map][\/et_pb_column][\/et_pb_row][\/et_pb_section]<\/p>\n","protected":false},"excerpt":{"rendered":"<p>[et_pb_section fb_built=&#8221;1&#8243; admin_label=&#8221;Hero Section&#8221; _builder_version=&#8221;3.22&#8243; use_background_color_gradient=&#8221;on&#8221; background_color_gradient_start=&#8221;#000000&#8243; background_color_gradient_end=&#8221;rgba(0,0,0,0)&#8221; background_color_gradient_direction=&#8221;360deg&#8221; background_color_gradient_overlays_image=&#8221;on&#8221; background_image=&#8221;https:\/\/www.mljet-restoranmelita.com\/wp-content\/uploads\/2018\/06\/dreamstimemedium_19651227s.jpg&#8221; custom_margin=&#8221;|||&#8221; custom_padding=&#8221;18%||8.8%||false|false&#8221; animation_style=&#8221;fade&#8221;][et_pb_row _builder_version=&#8221;3.25&#8243; max_width=&#8221;979px&#8221; use_custom_width=&#8221;on&#8221; custom_width_px=&#8221;979px&#8221;][et_pb_column type=&#8221;4_4&#8243; _builder_version=&#8221;3.25&#8243; custom_padding=&#8221;|||&#8221; custom_padding__hover=&#8221;|||&#8221;][et_pb_text _builder_version=&#8221;3.27.4&#8243; text_font=&#8221;Satisfy||||||||&#8221; text_font_size=&#8221;24px&#8221; text_line_height=&#8221;1.6em&#8221; header_font=&#8221;Nunito||||||||&#8221; header_font_size=&#8221;80px&#8221; header_line_height=&#8221;1.1em&#8221; text_orientation=&#8221;center&#8221; background_layout=&#8221;dark&#8221; module_alignment=&#8221;center&#8221; header_font_size_tablet=&#8221;&#8221; header_font_size_phone=&#8221;48px&#8221; header_font_size_last_edited=&#8221;on|phone&#8221; inline_fonts=&#8221;Source Sans Pro,Vollkorn,Lora,Satisfy&#8221;] Restoran Melita [\/et_pb_text][et_pb_text _builder_version=&#8221;3.27.4&#8243; text_font_size=&#8221;24px&#8221; text_line_height=&#8221;1.6em&#8221; header_font=&#8221;Nunito||||||||&#8221; header_font_size=&#8221;80px&#8221; header_line_height=&#8221;1.1em&#8221; text_orientation=&#8221;center&#8221; background_layout=&#8221;dark&#8221; module_alignment=&#8221;center&#8221; header_font_size_tablet=&#8221;&#8221; header_font_size_phone=&#8221;48px&#8221; header_font_size_last_edited=&#8221;on|phone&#8221; inline_fonts=&#8221;Source Sans [&hellip;]<\/p>\n","protected":false},"author":1,"featured_media":0,"parent":0,"menu_order":0,"comment_status":"closed","ping_status":"open","template":"","meta":{"_et_pb_use_builder":"on","_et_pb_old_content":"<p>Melita was once Mljet Island\u2019s Latin name. Here, among the quiet beauty of the landscape, Odysseus was held captive by the enrapturing nymph Calypso. Here, for a long time, Benedictine priests looked after their medieval monastery, nestled on the Islet of Saint Mary, praising God and living in harmony with nature.<\/p><p>Today, in the midst of the peaceful waters of the Great Lake, under the ancient arches of the monastery, our family restaurant welcomes the visitors of the island. With an unparalleled waterfront location at the very heart of Mljet National Park, Restaurant Melita offers a sweet escape from the rest of the world. Immerse yourself in true Croatian hospitality while you take in the stunning views and enjoy our delightful Dalmatian cuisine.<\/p>","_et_gb_content_width":"","footnotes":""},"class_list":["post-446","page","type-page","status-publish","hentry"],"yoast_head":"<!-- This site is optimized with the Yoast SEO plugin v27.5 - https:\/\/yoast.com\/product\/yoast-seo-wordpress\/ -->\n<title>O nama - Restaurant Melita<\/title>\n<meta name=\"description\" content=\"Okusite okuse Dalmacije u jedinstvenom okru\u017eenju benediktinskog samostana, okru\u017eeni prirodom Nacionalnog parka Mljet\" \/>\n<meta name=\"robots\" content=\"index, follow, max-snippet:-1, max-image-preview:large, max-video-preview:-1\" \/>\n<link rel=\"canonical\" href=\"https:\/\/www.mljet-restoranmelita.com\/it\/\" \/>\n<meta property=\"og:locale\" content=\"hr_HR\" \/>\n<meta property=\"og:type\" content=\"article\" \/>\n<meta property=\"og:title\" content=\"O nama - Restaurant Melita\" \/>\n<meta property=\"og:description\" content=\"Okusite okuse Dalmacije u jedinstvenom okru\u017eenju benediktinskog samostana, okru\u017eeni prirodom Nacionalnog parka Mljet\" \/>\n<meta property=\"og:url\" content=\"https:\/\/www.mljet-restoranmelita.com\/it\/\" \/>\n<meta property=\"og:site_name\" content=\"Restaurant Melita\" \/>\n<meta property=\"article:modified_time\" content=\"2025-09-26T09:27:27+00:00\" \/>\n<meta name=\"twitter:card\" content=\"summary_large_image\" \/>\n<meta name=\"twitter:label1\" content=\"Est. reading time\" \/>\n\t<meta name=\"twitter:data1\" content=\"2 minutes\" \/>\n<script type=\"application\/ld+json\" class=\"yoast-schema-graph\">{\"@context\":\"https:\\\/\\\/schema.org\",\"@graph\":[{\"@type\":\"WebPage\",\"@id\":\"https:\\\/\\\/www.mljet-restoranmelita.com\\\/it\\\/\",\"url\":\"https:\\\/\\\/www.mljet-restoranmelita.com\\\/it\\\/\",\"name\":\"O nama - Restaurant Melita\",\"isPartOf\":{\"@id\":\"https:\\\/\\\/www.mljet-restoranmelita.com\\\/#website\"},\"datePublished\":\"2018-06-15T14:17:04+00:00\",\"dateModified\":\"2025-09-26T09:27:27+00:00\",\"description\":\"Okusite okuse Dalmacije u jedinstvenom okru\u017eenju benediktinskog samostana, okru\u017eeni prirodom Nacionalnog parka Mljet\",\"breadcrumb\":{\"@id\":\"https:\\\/\\\/www.mljet-restoranmelita.com\\\/it\\\/#breadcrumb\"},\"inLanguage\":\"hr-HR\",\"potentialAction\":[{\"@type\":\"ReadAction\",\"target\":[\"https:\\\/\\\/www.mljet-restoranmelita.com\\\/it\\\/\"]}]},{\"@type\":\"BreadcrumbList\",\"@id\":\"https:\\\/\\\/www.mljet-restoranmelita.com\\\/it\\\/#breadcrumb\",\"itemListElement\":[{\"@type\":\"ListItem\",\"position\":1,\"name\":\"Home\",\"item\":\"https:\\\/\\\/www.mljet-restoranmelita.com\\\/it\\\/\"},{\"@type\":\"ListItem\",\"position\":2,\"name\":\"O nama\"}]},{\"@type\":\"WebSite\",\"@id\":\"https:\\\/\\\/www.mljet-restoranmelita.com\\\/#website\",\"url\":\"https:\\\/\\\/www.mljet-restoranmelita.com\\\/\",\"name\":\"Restaurant Melita\",\"description\":\"The taste of Dalmania on the island within the island\",\"publisher\":{\"@id\":\"https:\\\/\\\/www.mljet-restoranmelita.com\\\/#organization\"},\"potentialAction\":[{\"@type\":\"SearchAction\",\"target\":{\"@type\":\"EntryPoint\",\"urlTemplate\":\"https:\\\/\\\/www.mljet-restoranmelita.com\\\/?s={search_term_string}\"},\"query-input\":{\"@type\":\"PropertyValueSpecification\",\"valueRequired\":true,\"valueName\":\"search_term_string\"}}],\"inLanguage\":\"hr-HR\"},{\"@type\":\"Organization\",\"@id\":\"https:\\\/\\\/www.mljet-restoranmelita.com\\\/#organization\",\"name\":\"Melita Restaurant\",\"url\":\"https:\\\/\\\/www.mljet-restoranmelita.com\\\/\",\"logo\":{\"@type\":\"ImageObject\",\"inLanguage\":\"hr-HR\",\"@id\":\"https:\\\/\\\/www.mljet-restoranmelita.com\\\/#\\\/schema\\\/logo\\\/image\\\/\",\"url\":\"http:\\\/\\\/www.mljet-restoranmelita.com\\\/wp-content\\\/uploads\\\/2018\\\/06\\\/mjet-1.png\",\"contentUrl\":\"http:\\\/\\\/www.mljet-restoranmelita.com\\\/wp-content\\\/uploads\\\/2018\\\/06\\\/mjet-1.png\",\"width\":1122,\"height\":956,\"caption\":\"Melita Restaurant\"},\"image\":{\"@id\":\"https:\\\/\\\/www.mljet-restoranmelita.com\\\/#\\\/schema\\\/logo\\\/image\\\/\"},\"sameAs\":[\"https:\\\/\\\/www.instagram.com\\\/restoranmelita\\\/\"]}]}<\/script>\n<!-- \/ Yoast SEO plugin. -->","yoast_head_json":{"title":"O nama - Restaurant Melita","description":"Okusite okuse Dalmacije u jedinstvenom okru\u017eenju benediktinskog samostana, okru\u017eeni prirodom Nacionalnog parka Mljet","robots":{"index":"index","follow":"follow","max-snippet":"max-snippet:-1","max-image-preview":"max-image-preview:large","max-video-preview":"max-video-preview:-1"},"canonical":"https:\/\/www.mljet-restoranmelita.com\/it\/","og_locale":"hr_HR","og_type":"article","og_title":"O nama - Restaurant Melita","og_description":"Okusite okuse Dalmacije u jedinstvenom okru\u017eenju benediktinskog samostana, okru\u017eeni prirodom Nacionalnog parka Mljet","og_url":"https:\/\/www.mljet-restoranmelita.com\/it\/","og_site_name":"Restaurant Melita","article_modified_time":"2025-09-26T09:27:27+00:00","twitter_card":"summary_large_image","twitter_misc":{"Est. reading time":"2 minutes"},"schema":{"@context":"https:\/\/schema.org","@graph":[{"@type":"WebPage","@id":"https:\/\/www.mljet-restoranmelita.com\/it\/","url":"https:\/\/www.mljet-restoranmelita.com\/it\/","name":"O nama - Restaurant Melita","isPartOf":{"@id":"https:\/\/www.mljet-restoranmelita.com\/#website"},"datePublished":"2018-06-15T14:17:04+00:00","dateModified":"2025-09-26T09:27:27+00:00","description":"Okusite okuse Dalmacije u jedinstvenom okru\u017eenju benediktinskog samostana, okru\u017eeni prirodom Nacionalnog parka Mljet","breadcrumb":{"@id":"https:\/\/www.mljet-restoranmelita.com\/it\/#breadcrumb"},"inLanguage":"hr-HR","potentialAction":[{"@type":"ReadAction","target":["https:\/\/www.mljet-restoranmelita.com\/it\/"]}]},{"@type":"BreadcrumbList","@id":"https:\/\/www.mljet-restoranmelita.com\/it\/#breadcrumb","itemListElement":[{"@type":"ListItem","position":1,"name":"Home","item":"https:\/\/www.mljet-restoranmelita.com\/it\/"},{"@type":"ListItem","position":2,"name":"O nama"}]},{"@type":"WebSite","@id":"https:\/\/www.mljet-restoranmelita.com\/#website","url":"https:\/\/www.mljet-restoranmelita.com\/","name":"Restaurant Melita","description":"The taste of Dalmania on the island within the island","publisher":{"@id":"https:\/\/www.mljet-restoranmelita.com\/#organization"},"potentialAction":[{"@type":"SearchAction","target":{"@type":"EntryPoint","urlTemplate":"https:\/\/www.mljet-restoranmelita.com\/?s={search_term_string}"},"query-input":{"@type":"PropertyValueSpecification","valueRequired":true,"valueName":"search_term_string"}}],"inLanguage":"hr-HR"},{"@type":"Organization","@id":"https:\/\/www.mljet-restoranmelita.com\/#organization","name":"Melita Restaurant","url":"https:\/\/www.mljet-restoranmelita.com\/","logo":{"@type":"ImageObject","inLanguage":"hr-HR","@id":"https:\/\/www.mljet-restoranmelita.com\/#\/schema\/logo\/image\/","url":"http:\/\/www.mljet-restoranmelita.com\/wp-content\/uploads\/2018\/06\/mjet-1.png","contentUrl":"http:\/\/www.mljet-restoranmelita.com\/wp-content\/uploads\/2018\/06\/mjet-1.png","width":1122,"height":956,"caption":"Melita Restaurant"},"image":{"@id":"https:\/\/www.mljet-restoranmelita.com\/#\/schema\/logo\/image\/"},"sameAs":["https:\/\/www.instagram.com\/restoranmelita\/"]}]}},"_links":{"self":[{"href":"https:\/\/www.mljet-restoranmelita.com\/hr\/wp-json\/wp\/v2\/pages\/446","targetHints":{"allow":["GET"]}}],"collection":[{"href":"https:\/\/www.mljet-restoranmelita.com\/hr\/wp-json\/wp\/v2\/pages"}],"about":[{"href":"https:\/\/www.mljet-restoranmelita.com\/hr\/wp-json\/wp\/v2\/types\/page"}],"author":[{"embeddable":true,"href":"https:\/\/www.mljet-restoranmelita.com\/hr\/wp-json\/wp\/v2\/users\/1"}],"replies":[{"embeddable":true,"href":"https:\/\/www.mljet-restoranmelita.com\/hr\/wp-json\/wp\/v2\/comments?post=446"}],"version-history":[{"count":4,"href":"https:\/\/www.mljet-restoranmelita.com\/hr\/wp-json\/wp\/v2\/pages\/446\/revisions"}],"predecessor-version":[{"id":1138,"href":"https:\/\/www.mljet-restoranmelita.com\/hr\/wp-json\/wp\/v2\/pages\/446\/revisions\/1138"}],"wp:attachment":[{"href":"https:\/\/www.mljet-restoranmelita.com\/hr\/wp-json\/wp\/v2\/media?parent=446"}],"curies":[{"name":"wp","href":"https:\/\/api.w.org\/{rel}","templated":true}]}}