{"id":413,"date":"2018-06-15T13:56:21","date_gmt":"2018-06-15T13:56:21","guid":{"rendered":"http:\/\/www.mljet-restoranmelita.com\/veranstaltungen\/"},"modified":"2024-05-17T09:25:51","modified_gmt":"2024-05-17T09:25:51","slug":"veranstaltungen","status":"publish","type":"page","link":"https:\/\/www.mljet-restoranmelita.com\/de\/veranstaltungen\/","title":{"rendered":"Veranstaltungen"},"content":{"rendered":"<p>[et_pb_section fb_built=&#8220;1&#8243; admin_label=&#8220;Hero Section&#8220; _builder_version=&#8220;3.6&#8243; use_background_color_gradient=&#8220;on&#8220; background_color_gradient_start=&#8220;#000000&#8243; background_color_gradient_end=&#8220;rgba(0,0,0,0)&#8220; background_image=&#8220;http:\/\/www.mljet-restoranmelita.com\/wp-content\/uploads\/2018\/06\/Stitch-Ana.jpg&#8220; custom_margin=&#8220;|||&#8220; custom_padding=&#8220;14.4%||9.4%||false|false&#8220; animation_style=&#8220;fade&#8220;][et_pb_row use_custom_width=&#8220;on&#8220; custom_width_px=&#8220;979px&#8220; _builder_version=&#8220;3.3.1&#8243;][et_pb_column type=&#8220;4_4&#8243; _builder_version=&#8220;3.0.47&#8243; parallax=&#8220;off&#8220; parallax_method=&#8220;on&#8220;][et_pb_text _builder_version=&#8220;3.3.1&#8243; text_font=&#8220;Satisfy||||||||&#8220; text_font_size=&#8220;18px&#8220; text_line_height=&#8220;1.6em&#8220; header_font=&#8220;Nunito||||||||&#8220; header_font_size=&#8220;80px&#8220; header_font_size_phone=&#8220;48px&#8220; header_font_size_last_edited=&#8220;on|phone&#8220; header_line_height=&#8220;1.1em&#8220; text_orientation=&#8220;center&#8220; background_layout=&#8220;dark&#8220; module_alignment=&#8220;center&#8220; inline_fonts=&#8220;Source Sans Pro,Vollkorn,Lora,Satisfy&#8220;]<\/p>\n<h1 style=\"text-align: center;\"><span style=\"font-family: Satisfy;\">Veranstaltungen<\/span><\/h1>\n<p>[\/et_pb_text][\/et_pb_column][\/et_pb_row][\/et_pb_section][et_pb_section fb_built=&#8220;1&#8243; admin_label=&#8220;Explore Story Section&#8220; _builder_version=&#8220;3.3.1&#8243; custom_padding=&#8220;38px||23px||false|false&#8220;][et_pb_row use_custom_width=&#8220;on&#8220; custom_width_px=&#8220;773px&#8220; custom_padding=&#8220;20px||0||false|false&#8220; admin_label=&#8220;Text Area&#8220; _builder_version=&#8220;3.3.1&#8243;][et_pb_column type=&#8220;4_4&#8243; _builder_version=&#8220;3.0.47&#8243; parallax=&#8220;off&#8220; parallax_method=&#8220;on&#8220;][et_pb_text _builder_version=&#8220;3.3.1&#8243; text_font=&#8220;Satisfy||||||||&#8220; text_font_size=&#8220;49px&#8220; text_font_size_last_edited=&#8220;on|&#8220; text_letter_spacing=&#8220;3px&#8220; max_width=&#8220;89%&#8220; module_alignment=&#8220;right&#8220;]<\/p>\n<h1 style=\"text-align: right;\"><em>&#8222;Unser Open-Air Restaurant ist ideal f\u00fcr intime, romantische Hochzeiten, aber auch f\u00fcr einzigartige Gesch\u00e4fts- und Firmenveranstaltungen&#8220;<\/em><\/h1>\n<p>[\/et_pb_text][et_pb_text _builder_version=&#8220;3.3.1&#8243; text_font_size=&#8220;15px&#8220; text_line_height=&#8220;1.8em&#8220; animation_style=&#8220;fold&#8220; animation_direction=&#8220;bottom&#8220; animation_intensity_fold=&#8220;20%&#8220; animation_starting_opacity=&#8220;100%&#8220;]<em>\u00a0 \u00a0 \u00a0 Ob Sie ein kleines privates Treffen oder eine gro\u00dfe Veranstaltung mit Canap\u00e9s planen, unser Personal geht gerne auf Ihre individuellen Bed\u00fcrfnisse ein. Unser Restaurant bietet Platz f\u00fcr bis zu 150 G\u00e4ste im auf der Terasse und 90 G\u00e4ste im Haus. Z\u00f6gern Sie nicht uns anzurufen, um Ihre individuellen W\u00fcnsche zu besprechen.<\/em><\/p>\n<p><em>\u00a0 \u00a0 \u00a0 Unsere K\u00f6che empfehlen: einheimische K\u00e4seplatten, frische Meeresfr\u00fcchte, schwarzen Risotto, Mljet Hummer, traditionell gebackener Tintenfisch und leckere hausgemachte Kuchen. Barbecues und warme und kalte Buffets sind ebenfalls erh\u00e4ltlich.<\/em><\/p>\n<p>&nbsp;[\/et_pb_text][et_pb_text _builder_version=&#8220;3.3.1&#8243; text_font=&#8220;Satisfy||||||||&#8220; text_font_size=&#8220;49px&#8220; text_font_size_last_edited=&#8220;on|&#8220; text_letter_spacing=&#8220;3px&#8220; max_width=&#8220;70%&#8220; module_alignment=&#8220;left&#8220;]<\/p>\n<h2><em>Business Meetings &amp; Team Events<\/em><\/h2>\n<p>[\/et_pb_text][et_pb_text _builder_version=&#8220;3.3.1&#8243; text_font_size=&#8220;15px&#8220; text_line_height=&#8220;1.8em&#8220; animation_style=&#8220;fold&#8220; animation_direction=&#8220;bottom&#8220; animation_intensity_fold=&#8220;20%&#8220; animation_starting_opacity=&#8220;100%&#8220;]<em>\u00a0 \u00a0 \u00a0 Die Insel Sv. Marija ist der ideale Ort f\u00fcr Gesch\u00e4fts- und Firmenveranstaltungen, mit unz\u00e4hligen M\u00f6glichkeiten, um die uns zur Verf\u00fcgung stehende Landschaft zu nutzen. Das Restaurant Melita bietet einen einzigartigen, privaten Rahmen f\u00fcr Gesch\u00e4ftsessen, Meetings, Pr\u00e4sentationen, Sonderprogramme und Gruppenbuchungen.<\/em><\/p>\n<p>&nbsp;[\/et_pb_text][et_pb_text _builder_version=&#8220;3.3.1&#8243; text_font=&#8220;Satisfy||||||||&#8220; text_font_size=&#8220;49px&#8220; text_font_size_last_edited=&#8220;on|&#8220; text_letter_spacing=&#8220;3px&#8220; max_width=&#8220;70%&#8220; module_alignment=&#8220;left&#8220;]<\/p>\n<h2><em>Hochzeiten<\/em><\/h2>\n<p>[\/et_pb_text][et_pb_text _builder_version=&#8220;3.3.1&#8243; text_font_size=&#8220;15px&#8220; text_line_height=&#8220;1.8em&#8220; animation_style=&#8220;fold&#8220; animation_direction=&#8220;bottom&#8220; animation_intensity_fold=&#8220;20%&#8220; animation_starting_opacity=&#8220;100%&#8220;]<em>\u00a0 \u00a0 \u00a0 Unser Open-Air Restaurant ist ideal f\u00fcr intime, romantische Hochzeiten im kleinen und gro\u00dfen Rahmen. Nach einer vertr\u00e4umten Zeremonie in unserer Kirche aus dem 12. Jahrhundert k\u00f6nnen Sie mit Familie und Freunden ein k\u00f6stliches Essen genie\u00dfen, w\u00e4hrend Sie die atemberaubende Aussicht auf den Mljet Nationalpark bestaunen. Erleben Sie eine unvergessliche Hochzeit auf der Insel Sv. Marija, der Insel in der Insel.<\/em><\/p>\n<p>&nbsp;[\/et_pb_text][\/et_pb_column][\/et_pb_row][\/et_pb_section]<\/p>\n","protected":false},"excerpt":{"rendered":"<p>[et_pb_section fb_built=&#8220;1&#8243; admin_label=&#8220;Hero Section&#8220; _builder_version=&#8220;3.6&#8243; use_background_color_gradient=&#8220;on&#8220; background_color_gradient_start=&#8220;#000000&#8243; background_color_gradient_end=&#8220;rgba(0,0,0,0)&#8220; background_image=&#8220;http:\/\/www.mljet-restoranmelita.com\/wp-content\/uploads\/2018\/06\/Stitch-Ana.jpg&#8220; custom_margin=&#8220;|||&#8220; custom_padding=&#8220;14.4%||9.4%||false|false&#8220; animation_style=&#8220;fade&#8220;][et_pb_row use_custom_width=&#8220;on&#8220; custom_width_px=&#8220;979px&#8220; _builder_version=&#8220;3.3.1&#8243;][et_pb_column type=&#8220;4_4&#8243; _builder_version=&#8220;3.0.47&#8243; parallax=&#8220;off&#8220; parallax_method=&#8220;on&#8220;][et_pb_text _builder_version=&#8220;3.3.1&#8243; text_font=&#8220;Satisfy||||||||&#8220; text_font_size=&#8220;18px&#8220; text_line_height=&#8220;1.6em&#8220; header_font=&#8220;Nunito||||||||&#8220; header_font_size=&#8220;80px&#8220; header_font_size_phone=&#8220;48px&#8220; header_font_size_last_edited=&#8220;on|phone&#8220; header_line_height=&#8220;1.1em&#8220; text_orientation=&#8220;center&#8220; background_layout=&#8220;dark&#8220; module_alignment=&#8220;center&#8220; inline_fonts=&#8220;Source Sans Pro,Vollkorn,Lora,Satisfy&#8220;] Veranstaltungen [\/et_pb_text][\/et_pb_column][\/et_pb_row][\/et_pb_section][et_pb_section fb_built=&#8220;1&#8243; admin_label=&#8220;Explore Story Section&#8220; _builder_version=&#8220;3.3.1&#8243; custom_padding=&#8220;38px||23px||false|false&#8220;][et_pb_row use_custom_width=&#8220;on&#8220; custom_width_px=&#8220;773px&#8220; custom_padding=&#8220;20px||0||false|false&#8220; admin_label=&#8220;Text Area&#8220; _builder_version=&#8220;3.3.1&#8243;][et_pb_column type=&#8220;4_4&#8243; _builder_version=&#8220;3.0.47&#8243; parallax=&#8220;off&#8220; parallax_method=&#8220;on&#8220;][et_pb_text _builder_version=&#8220;3.3.1&#8243; text_font=&#8220;Satisfy||||||||&#8220; text_font_size=&#8220;49px&#8220; [&hellip;]<\/p>\n","protected":false},"author":1,"featured_media":0,"parent":0,"menu_order":0,"comment_status":"closed","ping_status":"open","template":"","meta":{"_et_pb_use_builder":"on","_et_pb_old_content":"<p>Melita was once Mljet Island\u2019s Latin name. Here, among the quiet beauty of the landscape, Odysseus was held captive by the enrapturing nymph Calypso. Here, for a long time, Benedictine priests looked after their medieval monastery, nestled on the Islet of Saint Mary, praising God and living in harmony with nature.<\/p><p>Today, in the midst of the peaceful waters of the Great Lake, under the ancient arches of the monastery, our family restaurant welcomes the visitors of the island. With an unparalleled waterfront location at the very heart of Mljet National Park, Restaurant Melita offers a sweet escape from the rest of the world. Immerse yourself in true Croatian hospitality while you take in the stunning views and enjoy our delightful Dalmatian cuisine.<\/p>","_et_gb_content_width":"","footnotes":""},"class_list":["post-413","page","type-page","status-publish","hentry"],"yoast_head":"<!-- This site is optimized with the Yoast SEO plugin v26.0 - https:\/\/yoast.com\/wordpress\/plugins\/seo\/ -->\n<title>Veranstaltungen - Restaurant Melita<\/title>\n<meta name=\"description\" content=\"Ob Sie ein kleines privates Treffen oder eine gro\u00dfe Veranstaltung mit Canap\u00e9s planen, unser Personal geht gerne auf Ihre individuellen Bed\u00fcrfnisse ein.\" \/>\n<meta name=\"robots\" content=\"index, follow, max-snippet:-1, max-image-preview:large, max-video-preview:-1\" \/>\n<link rel=\"canonical\" href=\"https:\/\/www.mljet-restoranmelita.com\/de\/veranstaltungen\/\" \/>\n<meta property=\"og:locale\" content=\"de_DE\" \/>\n<meta property=\"og:type\" content=\"article\" \/>\n<meta property=\"og:title\" content=\"Veranstaltungen - Restaurant Melita\" \/>\n<meta property=\"og:description\" content=\"Ob Sie ein kleines privates Treffen oder eine gro\u00dfe Veranstaltung mit Canap\u00e9s planen, unser Personal geht gerne auf Ihre individuellen Bed\u00fcrfnisse ein.\" \/>\n<meta property=\"og:url\" content=\"https:\/\/www.mljet-restoranmelita.com\/de\/veranstaltungen\/\" \/>\n<meta property=\"og:site_name\" content=\"Restaurant Melita\" \/>\n<meta property=\"article:modified_time\" content=\"2024-05-17T09:25:51+00:00\" \/>\n<meta name=\"twitter:card\" content=\"summary_large_image\" \/>\n<meta name=\"twitter:label1\" content=\"Gesch\u00e4tzte Lesezeit\" \/>\n\t<meta name=\"twitter:data1\" content=\"2\u00a0Minuten\" \/>\n<script type=\"application\/ld+json\" class=\"yoast-schema-graph\">{\"@context\":\"https:\/\/schema.org\",\"@graph\":[{\"@type\":\"WebPage\",\"@id\":\"https:\/\/www.mljet-restoranmelita.com\/de\/veranstaltungen\/\",\"url\":\"https:\/\/www.mljet-restoranmelita.com\/de\/veranstaltungen\/\",\"name\":\"Veranstaltungen - Restaurant Melita\",\"isPartOf\":{\"@id\":\"https:\/\/www.mljet-restoranmelita.com\/#website\"},\"datePublished\":\"2018-06-15T13:56:21+00:00\",\"dateModified\":\"2024-05-17T09:25:51+00:00\",\"description\":\"Ob Sie ein kleines privates Treffen oder eine gro\u00dfe Veranstaltung mit Canap\u00e9s planen, unser Personal geht gerne auf Ihre individuellen Bed\u00fcrfnisse ein.\",\"breadcrumb\":{\"@id\":\"https:\/\/www.mljet-restoranmelita.com\/de\/veranstaltungen\/#breadcrumb\"},\"inLanguage\":\"de\",\"potentialAction\":[{\"@type\":\"ReadAction\",\"target\":[\"https:\/\/www.mljet-restoranmelita.com\/de\/veranstaltungen\/\"]}]},{\"@type\":\"BreadcrumbList\",\"@id\":\"https:\/\/www.mljet-restoranmelita.com\/de\/veranstaltungen\/#breadcrumb\",\"itemListElement\":[{\"@type\":\"ListItem\",\"position\":1,\"name\":\"Home\",\"item\":\"https:\/\/www.mljet-restoranmelita.com\/de\/\"},{\"@type\":\"ListItem\",\"position\":2,\"name\":\"Veranstaltungen\"}]},{\"@type\":\"WebSite\",\"@id\":\"https:\/\/www.mljet-restoranmelita.com\/#website\",\"url\":\"https:\/\/www.mljet-restoranmelita.com\/\",\"name\":\"Restaurant Melita\",\"description\":\"The taste of Dalmania on the island within the island\",\"publisher\":{\"@id\":\"https:\/\/www.mljet-restoranmelita.com\/#organization\"},\"potentialAction\":[{\"@type\":\"SearchAction\",\"target\":{\"@type\":\"EntryPoint\",\"urlTemplate\":\"https:\/\/www.mljet-restoranmelita.com\/?s={search_term_string}\"},\"query-input\":{\"@type\":\"PropertyValueSpecification\",\"valueRequired\":true,\"valueName\":\"search_term_string\"}}],\"inLanguage\":\"de\"},{\"@type\":\"Organization\",\"@id\":\"https:\/\/www.mljet-restoranmelita.com\/#organization\",\"name\":\"Melita Restaurant\",\"url\":\"https:\/\/www.mljet-restoranmelita.com\/\",\"logo\":{\"@type\":\"ImageObject\",\"inLanguage\":\"de\",\"@id\":\"https:\/\/www.mljet-restoranmelita.com\/#\/schema\/logo\/image\/\",\"url\":\"http:\/\/www.mljet-restoranmelita.com\/wp-content\/uploads\/2018\/06\/mjet-1.png\",\"contentUrl\":\"http:\/\/www.mljet-restoranmelita.com\/wp-content\/uploads\/2018\/06\/mjet-1.png\",\"width\":1122,\"height\":956,\"caption\":\"Melita Restaurant\"},\"image\":{\"@id\":\"https:\/\/www.mljet-restoranmelita.com\/#\/schema\/logo\/image\/\"},\"sameAs\":[\"https:\/\/www.instagram.com\/restoranmelita\/\"]}]}<\/script>\n<!-- \/ Yoast SEO plugin. -->","yoast_head_json":{"title":"Veranstaltungen - Restaurant Melita","description":"Ob Sie ein kleines privates Treffen oder eine gro\u00dfe Veranstaltung mit Canap\u00e9s planen, unser Personal geht gerne auf Ihre individuellen Bed\u00fcrfnisse ein.","robots":{"index":"index","follow":"follow","max-snippet":"max-snippet:-1","max-image-preview":"max-image-preview:large","max-video-preview":"max-video-preview:-1"},"canonical":"https:\/\/www.mljet-restoranmelita.com\/de\/veranstaltungen\/","og_locale":"de_DE","og_type":"article","og_title":"Veranstaltungen - Restaurant Melita","og_description":"Ob Sie ein kleines privates Treffen oder eine gro\u00dfe Veranstaltung mit Canap\u00e9s planen, unser Personal geht gerne auf Ihre individuellen Bed\u00fcrfnisse ein.","og_url":"https:\/\/www.mljet-restoranmelita.com\/de\/veranstaltungen\/","og_site_name":"Restaurant Melita","article_modified_time":"2024-05-17T09:25:51+00:00","twitter_card":"summary_large_image","twitter_misc":{"Gesch\u00e4tzte Lesezeit":"2\u00a0Minuten"},"schema":{"@context":"https:\/\/schema.org","@graph":[{"@type":"WebPage","@id":"https:\/\/www.mljet-restoranmelita.com\/de\/veranstaltungen\/","url":"https:\/\/www.mljet-restoranmelita.com\/de\/veranstaltungen\/","name":"Veranstaltungen - Restaurant Melita","isPartOf":{"@id":"https:\/\/www.mljet-restoranmelita.com\/#website"},"datePublished":"2018-06-15T13:56:21+00:00","dateModified":"2024-05-17T09:25:51+00:00","description":"Ob Sie ein kleines privates Treffen oder eine gro\u00dfe Veranstaltung mit Canap\u00e9s planen, unser Personal geht gerne auf Ihre individuellen Bed\u00fcrfnisse ein.","breadcrumb":{"@id":"https:\/\/www.mljet-restoranmelita.com\/de\/veranstaltungen\/#breadcrumb"},"inLanguage":"de","potentialAction":[{"@type":"ReadAction","target":["https:\/\/www.mljet-restoranmelita.com\/de\/veranstaltungen\/"]}]},{"@type":"BreadcrumbList","@id":"https:\/\/www.mljet-restoranmelita.com\/de\/veranstaltungen\/#breadcrumb","itemListElement":[{"@type":"ListItem","position":1,"name":"Home","item":"https:\/\/www.mljet-restoranmelita.com\/de\/"},{"@type":"ListItem","position":2,"name":"Veranstaltungen"}]},{"@type":"WebSite","@id":"https:\/\/www.mljet-restoranmelita.com\/#website","url":"https:\/\/www.mljet-restoranmelita.com\/","name":"Restaurant Melita","description":"The taste of Dalmania on the island within the island","publisher":{"@id":"https:\/\/www.mljet-restoranmelita.com\/#organization"},"potentialAction":[{"@type":"SearchAction","target":{"@type":"EntryPoint","urlTemplate":"https:\/\/www.mljet-restoranmelita.com\/?s={search_term_string}"},"query-input":{"@type":"PropertyValueSpecification","valueRequired":true,"valueName":"search_term_string"}}],"inLanguage":"de"},{"@type":"Organization","@id":"https:\/\/www.mljet-restoranmelita.com\/#organization","name":"Melita Restaurant","url":"https:\/\/www.mljet-restoranmelita.com\/","logo":{"@type":"ImageObject","inLanguage":"de","@id":"https:\/\/www.mljet-restoranmelita.com\/#\/schema\/logo\/image\/","url":"http:\/\/www.mljet-restoranmelita.com\/wp-content\/uploads\/2018\/06\/mjet-1.png","contentUrl":"http:\/\/www.mljet-restoranmelita.com\/wp-content\/uploads\/2018\/06\/mjet-1.png","width":1122,"height":956,"caption":"Melita Restaurant"},"image":{"@id":"https:\/\/www.mljet-restoranmelita.com\/#\/schema\/logo\/image\/"},"sameAs":["https:\/\/www.instagram.com\/restoranmelita\/"]}]}},"_links":{"self":[{"href":"https:\/\/www.mljet-restoranmelita.com\/de\/wp-json\/wp\/v2\/pages\/413","targetHints":{"allow":["GET"]}}],"collection":[{"href":"https:\/\/www.mljet-restoranmelita.com\/de\/wp-json\/wp\/v2\/pages"}],"about":[{"href":"https:\/\/www.mljet-restoranmelita.com\/de\/wp-json\/wp\/v2\/types\/page"}],"author":[{"embeddable":true,"href":"https:\/\/www.mljet-restoranmelita.com\/de\/wp-json\/wp\/v2\/users\/1"}],"replies":[{"embeddable":true,"href":"https:\/\/www.mljet-restoranmelita.com\/de\/wp-json\/wp\/v2\/comments?post=413"}],"version-history":[{"count":1,"href":"https:\/\/www.mljet-restoranmelita.com\/de\/wp-json\/wp\/v2\/pages\/413\/revisions"}],"predecessor-version":[{"id":1086,"href":"https:\/\/www.mljet-restoranmelita.com\/de\/wp-json\/wp\/v2\/pages\/413\/revisions\/1086"}],"wp:attachment":[{"href":"https:\/\/www.mljet-restoranmelita.com\/de\/wp-json\/wp\/v2\/media?parent=413"}],"curies":[{"name":"wp","href":"https:\/\/api.w.org\/{rel}","templated":true}]}}