{"id":395,"date":"2018-06-15T13:32:02","date_gmt":"2018-06-15T13:32:02","guid":{"rendered":"http:\/\/www.mljet-restoranmelita.com\/unser-service\/"},"modified":"2024-05-17T10:23:21","modified_gmt":"2024-05-17T10:23:21","slug":"unser-service","status":"publish","type":"page","link":"https:\/\/www.mljet-restoranmelita.com\/de\/unser-service\/","title":{"rendered":"Unser Service"},"content":{"rendered":"<p>[et_pb_section fb_built=&#8220;1&#8243; admin_label=&#8220;Hero Section&#8220; _builder_version=&#8220;3.5&#8243; use_background_color_gradient=&#8220;on&#8220; background_color_gradient_start=&#8220;#000000&#8243; background_color_gradient_end=&#8220;rgba(0,0,0,0)&#8220; background_color_gradient_overlays_image=&#8220;on&#8220; background_image=&#8220;http:\/\/www.mljet-restoranmelita.com\/wp-content\/uploads\/2018\/06\/boat-e1528398786896.jpg&#8220; custom_margin=&#8220;|||&#8220; custom_padding=&#8220;8.2%||16%||false|false&#8220; animation_style=&#8220;fade&#8220;][et_pb_row use_custom_width=&#8220;on&#8220; custom_width_px=&#8220;979px&#8220; _builder_version=&#8220;3.3.1&#8243;][et_pb_column type=&#8220;4_4&#8243; _builder_version=&#8220;3.0.47&#8243; parallax=&#8220;off&#8220; parallax_method=&#8220;on&#8220;][et_pb_text _builder_version=&#8220;3.3.1&#8243; text_font=&#8220;Satisfy||||||||&#8220; text_font_size=&#8220;18px&#8220; text_line_height=&#8220;1.6em&#8220; header_font=&#8220;Nunito||||||||&#8220; header_font_size=&#8220;80px&#8220; header_font_size_phone=&#8220;48px&#8220; header_font_size_last_edited=&#8220;on|phone&#8220; header_line_height=&#8220;1.1em&#8220; text_orientation=&#8220;center&#8220; background_layout=&#8220;dark&#8220; module_alignment=&#8220;center&#8220; inline_fonts=&#8220;Source Sans Pro,Vollkorn,Lora,Satisfy&#8220;]<\/p>\n<h1 style=\"text-align: center;\"><span style=\"font-family: Satisfy;\">Unser Service<\/span><\/h1>\n<p>[\/et_pb_text][\/et_pb_column][\/et_pb_row][\/et_pb_section][et_pb_section fb_built=&#8220;1&#8243; admin_label=&#8220;Explore Story Section&#8220; _builder_version=&#8220;3.3.1&#8243; custom_padding=&#8220;38px||23px||false|false&#8220;][et_pb_row use_custom_width=&#8220;on&#8220; custom_width_px=&#8220;773px&#8220; custom_padding=&#8220;20px||0||false|false&#8220; admin_label=&#8220;Text Area&#8220; _builder_version=&#8220;3.3.1&#8243;][et_pb_column type=&#8220;4_4&#8243; _builder_version=&#8220;3.0.47&#8243; parallax=&#8220;off&#8220; parallax_method=&#8220;on&#8220;][et_pb_text _builder_version=&#8220;3.3.1&#8243; text_font=&#8220;Satisfy||||||||&#8220; text_font_size=&#8220;49px&#8220; text_font_size_last_edited=&#8220;on|&#8220; text_letter_spacing=&#8220;3px&#8220; max_width=&#8220;70%&#8220; module_alignment=&#8220;right&#8220;]<\/p>\n<h1 style=\"text-align: right;\"><em>&#8222;Genie\u00dfen Sie unseren exklusiven Service auf Ihrer eigenen privaten Insel&#8220;<\/em><\/h1>\n<p>[\/et_pb_text][et_pb_text _builder_version=&#8220;3.3.1&#8243; text_font=&#8220;Satisfy||||||||&#8220; text_font_size=&#8220;49px&#8220; text_font_size_last_edited=&#8220;on|&#8220; text_letter_spacing=&#8220;3px&#8220; max_width=&#8220;70%&#8220; module_alignment=&#8220;left&#8220;]<\/p>\n<h2 style=\"text-align: left;\"><em>Panorama-Bootstouren<\/em><\/h2>\n<p>[\/et_pb_text][et_pb_text _builder_version=&#8220;3.3.1&#8243; text_font_size=&#8220;15px&#8220; text_line_height=&#8220;1.8em&#8220; animation_style=&#8220;fold&#8220; animation_direction=&#8220;bottom&#8220; animation_intensity_fold=&#8220;20%&#8220; animation_starting_opacity=&#8220;100%&#8220;]<em>\u00a0 \u00a0 \u00a0 Entdecken Sie das kulturelle Erbe und die wundersch\u00f6ne Natur von Mljet auf unserer exklusiven Panorama-Bootstour. Fahren Sie mit auf unserem historischen Boot, das \u00c4lteste in Mljet, und erkunden Sie die Insel vom Gro\u00dfen See bis zur Lagune von Soline im offenen Meer. Unsere engagierten, lokalen F\u00fchrer werden ihr reiches Wissen \u00fcber die lokale Geschichte, Flora und Fauna an Sie weitergeben.<\/em><\/p>\n<p><em>\u00a0 \u00a0 \u00a0 Ihre Abholung kann mit einem Minivan f\u00fcr mindestens 10 und bis zu 24 Personen \u00fcberall auf der Insel Mljet f\u00fcr Sie arrangiert werden. Die Tour dauert etwa eineinhalb Stunden und kann in den folgenden Sprachen organisiert werden: Kroatisch und Englisch. F\u00fcr weitere Sprachen fragen Sie bitte bei uns an.<\/em><\/p>\n<p>[\/et_pb_text][et_pb_text _builder_version=&#8220;3.3.1&#8243; text_font=&#8220;Satisfy||||||||&#8220; text_font_size=&#8220;49px&#8220; text_font_size_last_edited=&#8220;on|&#8220; text_letter_spacing=&#8220;3px&#8220; max_width=&#8220;70%&#8220; module_alignment=&#8220;left&#8220;]<\/p>\n<h2 style=\"text-align: left;\"><em>Privates Abendessen &amp; Drinks bei Sonnenuntergang<\/em><\/h2>\n<p>[\/et_pb_text][et_pb_text _builder_version=&#8220;3.3.1&#8243; text_font_size=&#8220;15px&#8220; text_line_height=&#8220;1.8em&#8220; animation_style=&#8220;fold&#8220; animation_direction=&#8220;bottom&#8220; animation_intensity_fold=&#8220;20%&#8220; animation_starting_opacity=&#8220;100%&#8220;]<em>\u00a0 \u00a0 \u00a0 Haben Sie Lust auf ein paar Drinks bei einem unvergesslichen Sonnenuntergang und auf ein privates Abendessen auf der eigenen Insel? Fragen Sie uns und wir gehen gerne auf Ihre individuellen W\u00fcnsche ein.<\/em><\/p>\n<p>[\/et_pb_text][et_pb_text _builder_version=&#8220;3.3.1&#8243; text_font=&#8220;Satisfy||||||||&#8220; text_font_size=&#8220;49px&#8220; text_font_size_last_edited=&#8220;on|&#8220; text_letter_spacing=&#8220;3px&#8220; max_width=&#8220;70%&#8220; module_alignment=&#8220;left&#8220;]<\/p>\n<h2 style=\"text-align: left;\"><em>\u00dcbernachtung<\/em><\/h2>\n<p>[\/et_pb_text][et_pb_text _builder_version=&#8220;3.3.1&#8243; text_font_size=&#8220;15px&#8220; text_line_height=&#8220;1.8em&#8220; animation_style=&#8220;fold&#8220; animation_direction=&#8220;bottom&#8220; animation_intensity_fold=&#8220;20%&#8220; animation_starting_opacity=&#8220;100%&#8220;]<em>\u00a0 \u00a0 \u00a0 Gerne k\u00f6nnen wir Ihre \u00dcbernachtung und Ihren Aufenthalt auf der Insel durch unsere Schwesterfirma, Melita Travel organisieren.<\/em><\/p>\n<p>[\/et_pb_text][\/et_pb_column][\/et_pb_row][\/et_pb_section]<\/p>\n","protected":false},"excerpt":{"rendered":"<p>[et_pb_section fb_built=&#8220;1&#8243; admin_label=&#8220;Hero Section&#8220; _builder_version=&#8220;3.5&#8243; use_background_color_gradient=&#8220;on&#8220; background_color_gradient_start=&#8220;#000000&#8243; background_color_gradient_end=&#8220;rgba(0,0,0,0)&#8220; background_color_gradient_overlays_image=&#8220;on&#8220; background_image=&#8220;http:\/\/www.mljet-restoranmelita.com\/wp-content\/uploads\/2018\/06\/boat-e1528398786896.jpg&#8220; custom_margin=&#8220;|||&#8220; custom_padding=&#8220;8.2%||16%||false|false&#8220; animation_style=&#8220;fade&#8220;][et_pb_row use_custom_width=&#8220;on&#8220; custom_width_px=&#8220;979px&#8220; _builder_version=&#8220;3.3.1&#8243;][et_pb_column type=&#8220;4_4&#8243; _builder_version=&#8220;3.0.47&#8243; parallax=&#8220;off&#8220; parallax_method=&#8220;on&#8220;][et_pb_text _builder_version=&#8220;3.3.1&#8243; text_font=&#8220;Satisfy||||||||&#8220; text_font_size=&#8220;18px&#8220; text_line_height=&#8220;1.6em&#8220; header_font=&#8220;Nunito||||||||&#8220; header_font_size=&#8220;80px&#8220; header_font_size_phone=&#8220;48px&#8220; header_font_size_last_edited=&#8220;on|phone&#8220; header_line_height=&#8220;1.1em&#8220; text_orientation=&#8220;center&#8220; background_layout=&#8220;dark&#8220; module_alignment=&#8220;center&#8220; inline_fonts=&#8220;Source Sans Pro,Vollkorn,Lora,Satisfy&#8220;] Unser Service [\/et_pb_text][\/et_pb_column][\/et_pb_row][\/et_pb_section][et_pb_section fb_built=&#8220;1&#8243; admin_label=&#8220;Explore Story Section&#8220; _builder_version=&#8220;3.3.1&#8243; custom_padding=&#8220;38px||23px||false|false&#8220;][et_pb_row use_custom_width=&#8220;on&#8220; custom_width_px=&#8220;773px&#8220; custom_padding=&#8220;20px||0||false|false&#8220; admin_label=&#8220;Text Area&#8220; _builder_version=&#8220;3.3.1&#8243;][et_pb_column type=&#8220;4_4&#8243; _builder_version=&#8220;3.0.47&#8243; parallax=&#8220;off&#8220; parallax_method=&#8220;on&#8220;][et_pb_text _builder_version=&#8220;3.3.1&#8243; [&hellip;]<\/p>\n","protected":false},"author":1,"featured_media":0,"parent":0,"menu_order":0,"comment_status":"closed","ping_status":"open","template":"","meta":{"_et_pb_use_builder":"on","_et_pb_old_content":"<p>Melita was once Mljet Island\u2019s Latin name. Here, among the quiet beauty of the landscape, Odysseus was held captive by the enrapturing nymph Calypso. Here, for a long time, Benedictine priests looked after their medieval monastery, nestled on the Islet of Saint Mary, praising God and living in harmony with nature.<\/p><p>Today, in the midst of the peaceful waters of the Great Lake, under the ancient arches of the monastery, our family restaurant welcomes the visitors of the island. With an unparalleled waterfront location at the very heart of Mljet National Park, Restaurant Melita offers a sweet escape from the rest of the world. Immerse yourself in true Croatian hospitality while you take in the stunning views and enjoy our delightful Dalmatian cuisine.<\/p>","_et_gb_content_width":"","footnotes":""},"class_list":["post-395","page","type-page","status-publish","hentry"],"yoast_head":"<!-- This site is optimized with the Yoast SEO plugin v26.0 - https:\/\/yoast.com\/wordpress\/plugins\/seo\/ -->\n<title>Unser Service - Restaurant Melita<\/title>\n<meta name=\"description\" content=\"Entdecken Sie das kulturelle Erbe und die wundersch\u00f6ne Natur von Mljet auf unserer exklusiven Panorama-Bootstour. Fahren Sie mit auf unserem historischen Boot, das \u00c4lteste in Mljet, und erkunden Sie die Insel vom Gro\u00dfen See bis zur Lagune von Soline im offenen Meer.\" \/>\n<meta name=\"robots\" content=\"index, follow, max-snippet:-1, max-image-preview:large, max-video-preview:-1\" \/>\n<link rel=\"canonical\" href=\"https:\/\/www.mljet-restoranmelita.com\/de\/unser-service\/\" \/>\n<meta property=\"og:locale\" content=\"de_DE\" \/>\n<meta property=\"og:type\" content=\"article\" \/>\n<meta property=\"og:title\" content=\"Unser Service - Restaurant Melita\" \/>\n<meta property=\"og:description\" content=\"Entdecken Sie das kulturelle Erbe und die wundersch\u00f6ne Natur von Mljet auf unserer exklusiven Panorama-Bootstour. Fahren Sie mit auf unserem historischen Boot, das \u00c4lteste in Mljet, und erkunden Sie die Insel vom Gro\u00dfen See bis zur Lagune von Soline im offenen Meer.\" \/>\n<meta property=\"og:url\" content=\"https:\/\/www.mljet-restoranmelita.com\/de\/unser-service\/\" \/>\n<meta property=\"og:site_name\" content=\"Restaurant Melita\" \/>\n<meta property=\"article:modified_time\" content=\"2024-05-17T10:23:21+00:00\" \/>\n<meta name=\"twitter:card\" content=\"summary_large_image\" \/>\n<meta name=\"twitter:label1\" content=\"Gesch\u00e4tzte Lesezeit\" \/>\n\t<meta name=\"twitter:data1\" content=\"2\u00a0Minuten\" \/>\n<script type=\"application\/ld+json\" class=\"yoast-schema-graph\">{\"@context\":\"https:\/\/schema.org\",\"@graph\":[{\"@type\":\"WebPage\",\"@id\":\"https:\/\/www.mljet-restoranmelita.com\/de\/unser-service\/\",\"url\":\"https:\/\/www.mljet-restoranmelita.com\/de\/unser-service\/\",\"name\":\"Unser Service - Restaurant Melita\",\"isPartOf\":{\"@id\":\"https:\/\/www.mljet-restoranmelita.com\/#website\"},\"datePublished\":\"2018-06-15T13:32:02+00:00\",\"dateModified\":\"2024-05-17T10:23:21+00:00\",\"description\":\"Entdecken Sie das kulturelle Erbe und die wundersch\u00f6ne Natur von Mljet auf unserer exklusiven Panorama-Bootstour. Fahren Sie mit auf unserem historischen Boot, das \u00c4lteste in Mljet, und erkunden Sie die Insel vom Gro\u00dfen See bis zur Lagune von Soline im offenen Meer.\",\"breadcrumb\":{\"@id\":\"https:\/\/www.mljet-restoranmelita.com\/de\/unser-service\/#breadcrumb\"},\"inLanguage\":\"de\",\"potentialAction\":[{\"@type\":\"ReadAction\",\"target\":[\"https:\/\/www.mljet-restoranmelita.com\/de\/unser-service\/\"]}]},{\"@type\":\"BreadcrumbList\",\"@id\":\"https:\/\/www.mljet-restoranmelita.com\/de\/unser-service\/#breadcrumb\",\"itemListElement\":[{\"@type\":\"ListItem\",\"position\":1,\"name\":\"Home\",\"item\":\"https:\/\/www.mljet-restoranmelita.com\/de\/\"},{\"@type\":\"ListItem\",\"position\":2,\"name\":\"Unser Service\"}]},{\"@type\":\"WebSite\",\"@id\":\"https:\/\/www.mljet-restoranmelita.com\/#website\",\"url\":\"https:\/\/www.mljet-restoranmelita.com\/\",\"name\":\"Restaurant Melita\",\"description\":\"The taste of Dalmania on the island within the island\",\"publisher\":{\"@id\":\"https:\/\/www.mljet-restoranmelita.com\/#organization\"},\"potentialAction\":[{\"@type\":\"SearchAction\",\"target\":{\"@type\":\"EntryPoint\",\"urlTemplate\":\"https:\/\/www.mljet-restoranmelita.com\/?s={search_term_string}\"},\"query-input\":{\"@type\":\"PropertyValueSpecification\",\"valueRequired\":true,\"valueName\":\"search_term_string\"}}],\"inLanguage\":\"de\"},{\"@type\":\"Organization\",\"@id\":\"https:\/\/www.mljet-restoranmelita.com\/#organization\",\"name\":\"Melita Restaurant\",\"url\":\"https:\/\/www.mljet-restoranmelita.com\/\",\"logo\":{\"@type\":\"ImageObject\",\"inLanguage\":\"de\",\"@id\":\"https:\/\/www.mljet-restoranmelita.com\/#\/schema\/logo\/image\/\",\"url\":\"http:\/\/www.mljet-restoranmelita.com\/wp-content\/uploads\/2018\/06\/mjet-1.png\",\"contentUrl\":\"http:\/\/www.mljet-restoranmelita.com\/wp-content\/uploads\/2018\/06\/mjet-1.png\",\"width\":1122,\"height\":956,\"caption\":\"Melita Restaurant\"},\"image\":{\"@id\":\"https:\/\/www.mljet-restoranmelita.com\/#\/schema\/logo\/image\/\"},\"sameAs\":[\"https:\/\/www.instagram.com\/restoranmelita\/\"]}]}<\/script>\n<!-- \/ Yoast SEO plugin. -->","yoast_head_json":{"title":"Unser Service - Restaurant Melita","description":"Entdecken Sie das kulturelle Erbe und die wundersch\u00f6ne Natur von Mljet auf unserer exklusiven Panorama-Bootstour. Fahren Sie mit auf unserem historischen Boot, das \u00c4lteste in Mljet, und erkunden Sie die Insel vom Gro\u00dfen See bis zur Lagune von Soline im offenen Meer.","robots":{"index":"index","follow":"follow","max-snippet":"max-snippet:-1","max-image-preview":"max-image-preview:large","max-video-preview":"max-video-preview:-1"},"canonical":"https:\/\/www.mljet-restoranmelita.com\/de\/unser-service\/","og_locale":"de_DE","og_type":"article","og_title":"Unser Service - Restaurant Melita","og_description":"Entdecken Sie das kulturelle Erbe und die wundersch\u00f6ne Natur von Mljet auf unserer exklusiven Panorama-Bootstour. Fahren Sie mit auf unserem historischen Boot, das \u00c4lteste in Mljet, und erkunden Sie die Insel vom Gro\u00dfen See bis zur Lagune von Soline im offenen Meer.","og_url":"https:\/\/www.mljet-restoranmelita.com\/de\/unser-service\/","og_site_name":"Restaurant Melita","article_modified_time":"2024-05-17T10:23:21+00:00","twitter_card":"summary_large_image","twitter_misc":{"Gesch\u00e4tzte Lesezeit":"2\u00a0Minuten"},"schema":{"@context":"https:\/\/schema.org","@graph":[{"@type":"WebPage","@id":"https:\/\/www.mljet-restoranmelita.com\/de\/unser-service\/","url":"https:\/\/www.mljet-restoranmelita.com\/de\/unser-service\/","name":"Unser Service - Restaurant Melita","isPartOf":{"@id":"https:\/\/www.mljet-restoranmelita.com\/#website"},"datePublished":"2018-06-15T13:32:02+00:00","dateModified":"2024-05-17T10:23:21+00:00","description":"Entdecken Sie das kulturelle Erbe und die wundersch\u00f6ne Natur von Mljet auf unserer exklusiven Panorama-Bootstour. Fahren Sie mit auf unserem historischen Boot, das \u00c4lteste in Mljet, und erkunden Sie die Insel vom Gro\u00dfen See bis zur Lagune von Soline im offenen Meer.","breadcrumb":{"@id":"https:\/\/www.mljet-restoranmelita.com\/de\/unser-service\/#breadcrumb"},"inLanguage":"de","potentialAction":[{"@type":"ReadAction","target":["https:\/\/www.mljet-restoranmelita.com\/de\/unser-service\/"]}]},{"@type":"BreadcrumbList","@id":"https:\/\/www.mljet-restoranmelita.com\/de\/unser-service\/#breadcrumb","itemListElement":[{"@type":"ListItem","position":1,"name":"Home","item":"https:\/\/www.mljet-restoranmelita.com\/de\/"},{"@type":"ListItem","position":2,"name":"Unser Service"}]},{"@type":"WebSite","@id":"https:\/\/www.mljet-restoranmelita.com\/#website","url":"https:\/\/www.mljet-restoranmelita.com\/","name":"Restaurant Melita","description":"The taste of Dalmania on the island within the island","publisher":{"@id":"https:\/\/www.mljet-restoranmelita.com\/#organization"},"potentialAction":[{"@type":"SearchAction","target":{"@type":"EntryPoint","urlTemplate":"https:\/\/www.mljet-restoranmelita.com\/?s={search_term_string}"},"query-input":{"@type":"PropertyValueSpecification","valueRequired":true,"valueName":"search_term_string"}}],"inLanguage":"de"},{"@type":"Organization","@id":"https:\/\/www.mljet-restoranmelita.com\/#organization","name":"Melita Restaurant","url":"https:\/\/www.mljet-restoranmelita.com\/","logo":{"@type":"ImageObject","inLanguage":"de","@id":"https:\/\/www.mljet-restoranmelita.com\/#\/schema\/logo\/image\/","url":"http:\/\/www.mljet-restoranmelita.com\/wp-content\/uploads\/2018\/06\/mjet-1.png","contentUrl":"http:\/\/www.mljet-restoranmelita.com\/wp-content\/uploads\/2018\/06\/mjet-1.png","width":1122,"height":956,"caption":"Melita Restaurant"},"image":{"@id":"https:\/\/www.mljet-restoranmelita.com\/#\/schema\/logo\/image\/"},"sameAs":["https:\/\/www.instagram.com\/restoranmelita\/"]}]}},"_links":{"self":[{"href":"https:\/\/www.mljet-restoranmelita.com\/de\/wp-json\/wp\/v2\/pages\/395","targetHints":{"allow":["GET"]}}],"collection":[{"href":"https:\/\/www.mljet-restoranmelita.com\/de\/wp-json\/wp\/v2\/pages"}],"about":[{"href":"https:\/\/www.mljet-restoranmelita.com\/de\/wp-json\/wp\/v2\/types\/page"}],"author":[{"embeddable":true,"href":"https:\/\/www.mljet-restoranmelita.com\/de\/wp-json\/wp\/v2\/users\/1"}],"replies":[{"embeddable":true,"href":"https:\/\/www.mljet-restoranmelita.com\/de\/wp-json\/wp\/v2\/comments?post=395"}],"version-history":[{"count":1,"href":"https:\/\/www.mljet-restoranmelita.com\/de\/wp-json\/wp\/v2\/pages\/395\/revisions"}],"predecessor-version":[{"id":1114,"href":"https:\/\/www.mljet-restoranmelita.com\/de\/wp-json\/wp\/v2\/pages\/395\/revisions\/1114"}],"wp:attachment":[{"href":"https:\/\/www.mljet-restoranmelita.com\/de\/wp-json\/wp\/v2\/media?parent=395"}],"curies":[{"name":"wp","href":"https:\/\/api.w.org\/{rel}","templated":true}]}}