{"id":340,"date":"2024-05-17T10:14:03","date_gmt":"2024-05-17T10:14:03","guid":{"rendered":"http:\/\/www.mljet-restoranmelita.com?page_id=340"},"modified":"2025-09-26T09:28:09","modified_gmt":"2025-09-26T09:28:09","slug":"starseite","status":"publish","type":"page","link":"https:\/\/www.mljet-restoranmelita.com\/de\/","title":{"rendered":"Starseite"},"content":{"rendered":"<p>[et_pb_section fb_built=&#8220;1&#8243; admin_label=&#8220;Hero Section&#8220; _builder_version=&#8220;3.22&#8243; use_background_color_gradient=&#8220;on&#8220; background_color_gradient_start=&#8220;#000000&#8243; background_color_gradient_end=&#8220;rgba(0,0,0,0)&#8220; background_color_gradient_direction=&#8220;360deg&#8220; background_color_gradient_overlays_image=&#8220;on&#8220; background_image=&#8220;https:\/\/www.mljet-restoranmelita.com\/wp-content\/uploads\/2018\/06\/dreamstimemedium_19651227s.jpg&#8220; custom_margin=&#8220;|||&#8220; custom_padding=&#8220;18%||8.8%||false|false&#8220; animation_style=&#8220;fade&#8220;][et_pb_row _builder_version=&#8220;3.25&#8243; max_width=&#8220;979px&#8220; use_custom_width=&#8220;on&#8220; custom_width_px=&#8220;979px&#8220;][et_pb_column type=&#8220;4_4&#8243; _builder_version=&#8220;3.25&#8243; custom_padding=&#8220;|||&#8220; custom_padding__hover=&#8220;|||&#8220;][et_pb_text _builder_version=&#8220;3.27.4&#8243; text_font=&#8220;Satisfy||||||||&#8220; text_font_size=&#8220;24px&#8220; text_line_height=&#8220;1.6em&#8220; header_font=&#8220;Nunito||||||||&#8220; header_font_size=&#8220;80px&#8220; header_line_height=&#8220;1.1em&#8220; text_orientation=&#8220;center&#8220; background_layout=&#8220;dark&#8220; module_alignment=&#8220;center&#8220; header_font_size_tablet=&#8220;&#8220; header_font_size_phone=&#8220;48px&#8220; header_font_size_last_edited=&#8220;on|phone&#8220; inline_fonts=&#8220;Source Sans Pro,Vollkorn,Lora,Satisfy&#8220;]<\/p>\n<h1 style=\"text-align: center;\"><span style=\"font-family: Satisfy;\">Restaurant\u00a0Melita<\/span><\/h1>\n<p>[\/et_pb_text][et_pb_text _builder_version=&#8220;3.27.4&#8243; text_font_size=&#8220;24px&#8220; text_line_height=&#8220;1.6em&#8220; header_font=&#8220;Nunito||||||||&#8220; header_font_size=&#8220;80px&#8220; header_line_height=&#8220;1.1em&#8220; text_orientation=&#8220;center&#8220; background_layout=&#8220;dark&#8220; module_alignment=&#8220;center&#8220; header_font_size_tablet=&#8220;&#8220; header_font_size_phone=&#8220;48px&#8220; header_font_size_last_edited=&#8220;on|phone&#8220; inline_fonts=&#8220;Source Sans Pro,Vollkorn,Lora,Satisfy&#8220;]<\/p>\n<p style=\"text-align: center;\"><em>Erleben Sie den Charme <\/em><em>Dalmatiens in einer einzigartigen Umgebung, im Schatten eines historischen Klosters, umgeben von den unber\u00fchrten Gew\u00e4ssern und der Natur des Nationalparks Mljet<\/em><\/p>\n<p>[\/et_pb_text][\/et_pb_column][\/et_pb_row][\/et_pb_section][et_pb_section fb_built=&#8220;1&#8243; admin_label=&#8220;Explore Story Section&#8220; _builder_version=&#8220;3.22&#8243; custom_padding=&#8220;38px||23px||false|false&#8220;][et_pb_row admin_label=&#8220;Text Area&#8220; _builder_version=&#8220;3.25&#8243; max_width=&#8220;773px&#8220; custom_padding=&#8220;20px||0||false|false&#8220; use_custom_width=&#8220;on&#8220; custom_width_px=&#8220;773px&#8220;][et_pb_column type=&#8220;4_4&#8243; _builder_version=&#8220;3.25&#8243; custom_padding=&#8220;|||&#8220; custom_padding__hover=&#8220;|||&#8220;][et_pb_text _builder_version=&#8220;4.5.3&#8243; text_font=&#8220;Satisfy||||||||&#8220; text_font_size=&#8220;49px&#8220; text_letter_spacing=&#8220;3px&#8220; max_width=&#8220;70%&#8220; module_alignment=&#8220;right&#8220; text_font_size_tablet=&#8220;&#8220; text_font_size_phone=&#8220;&#8220; text_font_size_last_edited=&#8220;on|&#8220;]<\/p>\n<h2 style=\"text-align: right;\"><em>&#8222;Unvergleichlichen Lage direkt am Wasser im Herzen des Mljet Nationalparks&#8220;<\/em><\/h2>\n<p>[\/et_pb_text][et_pb_text _builder_version=&#8220;3.27.4&#8243; text_font_size=&#8220;15px&#8220; text_line_height=&#8220;1.8em&#8220; animation_style=&#8220;fold&#8220; animation_direction=&#8220;bottom&#8220; animation_intensity_fold=&#8220;20%&#8220; animation_starting_opacity=&#8220;100%&#8220;]<em>Melita war einst der lateinische Name der Insel Mljet. Hier, inmitten der stillen Sch\u00f6nheit der Landschaft, wurde Odysseus von der bezaubernden Nymphe Calypso gefangen gehalten. Hier k\u00fcmmerten sich die Benediktiner lange Zeit um ihr mittelalterliches Kloster, das sich auf der Insel Sveta Marija (Heilige Maria) \u00a0befand, um Gott zu preisen und in Harmonie mit der Natur zu leben.<\/em><\/p>\n<p><em>Heute, inmitten der ruhigen Gew\u00e4sser des Gro\u00dfen Sees, unter den alten B\u00f6gen des Klosters, empf\u00e4ngt unser Familienrestaurant die Besucher der Insel. Mit einer unvergleichlichen Lage direkt am Wasser im Herzen des Mljet Nationalparks bietet das Restaurant Melita eine paradiesische Zuflucht vor dem Rest der Welt. Erleben Sie die traditionelle kroatische Gastfreundschaft, w\u00e4hrend Sie die atemberaubende Aussicht und unsere k\u00f6stliche Dalmatinische K\u00fcche genie\u00dfen.<\/em><br \/>\n[\/et_pb_text][\/et_pb_column][\/et_pb_row][\/et_pb_section][et_pb_section fb_built=&#8220;1&#8243; admin_label=&#8220;Sign Up Section&#8220; _builder_version=&#8220;3.22&#8243; background_color=&#8220;#f7f7f7&#8243; custom_padding=&#8220;21px||24px||false|false&#8220; custom_margin=&#8220;21px|||||&#8220;][et_pb_row admin_label=&#8220;Subscriptiopn Area&#8220; _builder_version=&#8220;3.25&#8243; custom_padding=&#8220;|||&#8220;][et_pb_column type=&#8220;4_4&#8243; _builder_version=&#8220;3.25&#8243; custom_padding=&#8220;|||&#8220; custom_padding__hover=&#8220;|||&#8220;][et_pb_map address=&#8220;20226, Gove\u0111ari, Croatia&#8220; zoom_level=&#8220;13&#8243; address_lat=&#8220;42.77793670521914&#8243; address_lng=&#8220;17.362336581445334&#8243; _builder_version=&#8220;3.6&#8243;][et_pb_map_pin pin_address=&#8220;Unnamed Road, 20226, Gove\u0111ari, Croatia&#8220; pin_address_lat=&#8220;42.7732997&#8243; pin_address_lng=&#8220;17.3531558&#8243; _builder_version=&#8220;3.3.1&#8243;][\/et_pb_map_pin][\/et_pb_map][\/et_pb_column][\/et_pb_row][\/et_pb_section]<\/p>\n","protected":false},"excerpt":{"rendered":"<p>[et_pb_section fb_built=&#8220;1&#8243; admin_label=&#8220;Hero Section&#8220; _builder_version=&#8220;3.22&#8243; use_background_color_gradient=&#8220;on&#8220; background_color_gradient_start=&#8220;#000000&#8243; background_color_gradient_end=&#8220;rgba(0,0,0,0)&#8220; background_color_gradient_direction=&#8220;360deg&#8220; background_color_gradient_overlays_image=&#8220;on&#8220; background_image=&#8220;https:\/\/www.mljet-restoranmelita.com\/wp-content\/uploads\/2018\/06\/dreamstimemedium_19651227s.jpg&#8220; custom_margin=&#8220;|||&#8220; custom_padding=&#8220;18%||8.8%||false|false&#8220; animation_style=&#8220;fade&#8220;][et_pb_row _builder_version=&#8220;3.25&#8243; max_width=&#8220;979px&#8220; use_custom_width=&#8220;on&#8220; custom_width_px=&#8220;979px&#8220;][et_pb_column type=&#8220;4_4&#8243; _builder_version=&#8220;3.25&#8243; custom_padding=&#8220;|||&#8220; custom_padding__hover=&#8220;|||&#8220;][et_pb_text _builder_version=&#8220;3.27.4&#8243; text_font=&#8220;Satisfy||||||||&#8220; text_font_size=&#8220;24px&#8220; text_line_height=&#8220;1.6em&#8220; header_font=&#8220;Nunito||||||||&#8220; header_font_size=&#8220;80px&#8220; header_line_height=&#8220;1.1em&#8220; text_orientation=&#8220;center&#8220; background_layout=&#8220;dark&#8220; module_alignment=&#8220;center&#8220; header_font_size_tablet=&#8220;&#8220; header_font_size_phone=&#8220;48px&#8220; header_font_size_last_edited=&#8220;on|phone&#8220; inline_fonts=&#8220;Source Sans Pro,Vollkorn,Lora,Satisfy&#8220;] Restaurant\u00a0Melita [\/et_pb_text][et_pb_text _builder_version=&#8220;3.27.4&#8243; text_font_size=&#8220;24px&#8220; text_line_height=&#8220;1.6em&#8220; header_font=&#8220;Nunito||||||||&#8220; header_font_size=&#8220;80px&#8220; header_line_height=&#8220;1.1em&#8220; text_orientation=&#8220;center&#8220; background_layout=&#8220;dark&#8220; module_alignment=&#8220;center&#8220; header_font_size_tablet=&#8220;&#8220; header_font_size_phone=&#8220;48px&#8220; header_font_size_last_edited=&#8220;on|phone&#8220; inline_fonts=&#8220;Source Sans Pro,Vollkorn,Lora,Satisfy&#8220;] [&hellip;]<\/p>\n","protected":false},"author":1,"featured_media":0,"parent":0,"menu_order":0,"comment_status":"closed","ping_status":"open","template":"","meta":{"_et_pb_use_builder":"on","_et_pb_old_content":"<p>Melita was once Mljet Island\u2019s Latin name. Here, among the quiet beauty of the landscape, Odysseus was held captive by the enrapturing nymph Calypso. Here, for a long time, Benedictine priests looked after their medieval monastery, nestled on the Islet of Saint Mary, praising God and living in harmony with nature.<\/p><p>Today, in the midst of the peaceful waters of the Great Lake, under the ancient arches of the monastery, our family restaurant welcomes the visitors of the island. With an unparalleled waterfront location at the very heart of Mljet National Park, Restaurant Melita offers a sweet escape from the rest of the world. Immerse yourself in true Croatian hospitality while you take in the stunning views and enjoy our delightful Dalmatian cuisine.<\/p>","_et_gb_content_width":"","footnotes":""},"class_list":["post-340","page","type-page","status-publish","hentry"],"yoast_head":"<!-- This site is optimized with the Yoast SEO plugin v26.0 - https:\/\/yoast.com\/wordpress\/plugins\/seo\/ -->\n<title>Starseite - Restaurant Melita<\/title>\n<meta name=\"description\" content=\"Probieren Sie die Aromen Dalmatiens in der einzigartigen Umgebung des Benediktinerklosters, umgeben von der Natur des Mljet-Nationalparks\" \/>\n<meta name=\"robots\" content=\"index, follow, max-snippet:-1, max-image-preview:large, max-video-preview:-1\" \/>\n<link rel=\"canonical\" href=\"https:\/\/www.mljet-restoranmelita.com\/de\/\" \/>\n<meta property=\"og:locale\" content=\"de_DE\" \/>\n<meta property=\"og:type\" content=\"article\" \/>\n<meta property=\"og:title\" content=\"Starseite - Restaurant Melita\" \/>\n<meta property=\"og:description\" content=\"Probieren Sie die Aromen Dalmatiens in der einzigartigen Umgebung des Benediktinerklosters, umgeben von der Natur des Mljet-Nationalparks\" \/>\n<meta property=\"og:url\" content=\"https:\/\/www.mljet-restoranmelita.com\/de\/\" \/>\n<meta property=\"og:site_name\" content=\"Restaurant Melita\" \/>\n<meta property=\"article:modified_time\" content=\"2025-09-26T09:28:09+00:00\" \/>\n<meta name=\"twitter:card\" content=\"summary_large_image\" \/>\n<meta name=\"twitter:label1\" content=\"Gesch\u00e4tzte Lesezeit\" \/>\n\t<meta name=\"twitter:data1\" content=\"2\u00a0Minuten\" \/>\n<script type=\"application\/ld+json\" class=\"yoast-schema-graph\">{\"@context\":\"https:\/\/schema.org\",\"@graph\":[{\"@type\":\"WebPage\",\"@id\":\"https:\/\/www.mljet-restoranmelita.com\/de\/\",\"url\":\"https:\/\/www.mljet-restoranmelita.com\/de\/\",\"name\":\"Starseite - Restaurant Melita\",\"isPartOf\":{\"@id\":\"https:\/\/www.mljet-restoranmelita.com\/#website\"},\"datePublished\":\"2024-05-17T10:14:03+00:00\",\"dateModified\":\"2025-09-26T09:28:09+00:00\",\"description\":\"Probieren Sie die Aromen Dalmatiens in der einzigartigen Umgebung des Benediktinerklosters, umgeben von der Natur des Mljet-Nationalparks\",\"breadcrumb\":{\"@id\":\"https:\/\/www.mljet-restoranmelita.com\/de\/#breadcrumb\"},\"inLanguage\":\"de\",\"potentialAction\":[{\"@type\":\"ReadAction\",\"target\":[\"https:\/\/www.mljet-restoranmelita.com\/de\/\"]}]},{\"@type\":\"BreadcrumbList\",\"@id\":\"https:\/\/www.mljet-restoranmelita.com\/de\/#breadcrumb\",\"itemListElement\":[{\"@type\":\"ListItem\",\"position\":1,\"name\":\"Home\",\"item\":\"https:\/\/www.mljet-restoranmelita.com\/de\/\"},{\"@type\":\"ListItem\",\"position\":2,\"name\":\"Starseite\"}]},{\"@type\":\"WebSite\",\"@id\":\"https:\/\/www.mljet-restoranmelita.com\/#website\",\"url\":\"https:\/\/www.mljet-restoranmelita.com\/\",\"name\":\"Restaurant Melita\",\"description\":\"The taste of Dalmania on the island within the island\",\"publisher\":{\"@id\":\"https:\/\/www.mljet-restoranmelita.com\/#organization\"},\"potentialAction\":[{\"@type\":\"SearchAction\",\"target\":{\"@type\":\"EntryPoint\",\"urlTemplate\":\"https:\/\/www.mljet-restoranmelita.com\/?s={search_term_string}\"},\"query-input\":{\"@type\":\"PropertyValueSpecification\",\"valueRequired\":true,\"valueName\":\"search_term_string\"}}],\"inLanguage\":\"de\"},{\"@type\":\"Organization\",\"@id\":\"https:\/\/www.mljet-restoranmelita.com\/#organization\",\"name\":\"Melita Restaurant\",\"url\":\"https:\/\/www.mljet-restoranmelita.com\/\",\"logo\":{\"@type\":\"ImageObject\",\"inLanguage\":\"de\",\"@id\":\"https:\/\/www.mljet-restoranmelita.com\/#\/schema\/logo\/image\/\",\"url\":\"http:\/\/www.mljet-restoranmelita.com\/wp-content\/uploads\/2018\/06\/mjet-1.png\",\"contentUrl\":\"http:\/\/www.mljet-restoranmelita.com\/wp-content\/uploads\/2018\/06\/mjet-1.png\",\"width\":1122,\"height\":956,\"caption\":\"Melita Restaurant\"},\"image\":{\"@id\":\"https:\/\/www.mljet-restoranmelita.com\/#\/schema\/logo\/image\/\"},\"sameAs\":[\"https:\/\/www.instagram.com\/restoranmelita\/\"]}]}<\/script>\n<!-- \/ Yoast SEO plugin. -->","yoast_head_json":{"title":"Starseite - Restaurant Melita","description":"Probieren Sie die Aromen Dalmatiens in der einzigartigen Umgebung des Benediktinerklosters, umgeben von der Natur des Mljet-Nationalparks","robots":{"index":"index","follow":"follow","max-snippet":"max-snippet:-1","max-image-preview":"max-image-preview:large","max-video-preview":"max-video-preview:-1"},"canonical":"https:\/\/www.mljet-restoranmelita.com\/de\/","og_locale":"de_DE","og_type":"article","og_title":"Starseite - Restaurant Melita","og_description":"Probieren Sie die Aromen Dalmatiens in der einzigartigen Umgebung des Benediktinerklosters, umgeben von der Natur des Mljet-Nationalparks","og_url":"https:\/\/www.mljet-restoranmelita.com\/de\/","og_site_name":"Restaurant Melita","article_modified_time":"2025-09-26T09:28:09+00:00","twitter_card":"summary_large_image","twitter_misc":{"Gesch\u00e4tzte Lesezeit":"2\u00a0Minuten"},"schema":{"@context":"https:\/\/schema.org","@graph":[{"@type":"WebPage","@id":"https:\/\/www.mljet-restoranmelita.com\/de\/","url":"https:\/\/www.mljet-restoranmelita.com\/de\/","name":"Starseite - Restaurant Melita","isPartOf":{"@id":"https:\/\/www.mljet-restoranmelita.com\/#website"},"datePublished":"2024-05-17T10:14:03+00:00","dateModified":"2025-09-26T09:28:09+00:00","description":"Probieren Sie die Aromen Dalmatiens in der einzigartigen Umgebung des Benediktinerklosters, umgeben von der Natur des Mljet-Nationalparks","breadcrumb":{"@id":"https:\/\/www.mljet-restoranmelita.com\/de\/#breadcrumb"},"inLanguage":"de","potentialAction":[{"@type":"ReadAction","target":["https:\/\/www.mljet-restoranmelita.com\/de\/"]}]},{"@type":"BreadcrumbList","@id":"https:\/\/www.mljet-restoranmelita.com\/de\/#breadcrumb","itemListElement":[{"@type":"ListItem","position":1,"name":"Home","item":"https:\/\/www.mljet-restoranmelita.com\/de\/"},{"@type":"ListItem","position":2,"name":"Starseite"}]},{"@type":"WebSite","@id":"https:\/\/www.mljet-restoranmelita.com\/#website","url":"https:\/\/www.mljet-restoranmelita.com\/","name":"Restaurant Melita","description":"The taste of Dalmania on the island within the island","publisher":{"@id":"https:\/\/www.mljet-restoranmelita.com\/#organization"},"potentialAction":[{"@type":"SearchAction","target":{"@type":"EntryPoint","urlTemplate":"https:\/\/www.mljet-restoranmelita.com\/?s={search_term_string}"},"query-input":{"@type":"PropertyValueSpecification","valueRequired":true,"valueName":"search_term_string"}}],"inLanguage":"de"},{"@type":"Organization","@id":"https:\/\/www.mljet-restoranmelita.com\/#organization","name":"Melita Restaurant","url":"https:\/\/www.mljet-restoranmelita.com\/","logo":{"@type":"ImageObject","inLanguage":"de","@id":"https:\/\/www.mljet-restoranmelita.com\/#\/schema\/logo\/image\/","url":"http:\/\/www.mljet-restoranmelita.com\/wp-content\/uploads\/2018\/06\/mjet-1.png","contentUrl":"http:\/\/www.mljet-restoranmelita.com\/wp-content\/uploads\/2018\/06\/mjet-1.png","width":1122,"height":956,"caption":"Melita Restaurant"},"image":{"@id":"https:\/\/www.mljet-restoranmelita.com\/#\/schema\/logo\/image\/"},"sameAs":["https:\/\/www.instagram.com\/restoranmelita\/"]}]}},"_links":{"self":[{"href":"https:\/\/www.mljet-restoranmelita.com\/de\/wp-json\/wp\/v2\/pages\/340","targetHints":{"allow":["GET"]}}],"collection":[{"href":"https:\/\/www.mljet-restoranmelita.com\/de\/wp-json\/wp\/v2\/pages"}],"about":[{"href":"https:\/\/www.mljet-restoranmelita.com\/de\/wp-json\/wp\/v2\/types\/page"}],"author":[{"embeddable":true,"href":"https:\/\/www.mljet-restoranmelita.com\/de\/wp-json\/wp\/v2\/users\/1"}],"replies":[{"embeddable":true,"href":"https:\/\/www.mljet-restoranmelita.com\/de\/wp-json\/wp\/v2\/comments?post=340"}],"version-history":[{"count":4,"href":"https:\/\/www.mljet-restoranmelita.com\/de\/wp-json\/wp\/v2\/pages\/340\/revisions"}],"predecessor-version":[{"id":1140,"href":"https:\/\/www.mljet-restoranmelita.com\/de\/wp-json\/wp\/v2\/pages\/340\/revisions\/1140"}],"wp:attachment":[{"href":"https:\/\/www.mljet-restoranmelita.com\/de\/wp-json\/wp\/v2\/media?parent=340"}],"curies":[{"name":"wp","href":"https:\/\/api.w.org\/{rel}","templated":true}]}}